{"id":2108,"date":"2022-01-24T09:44:19","date_gmt":"2022-01-24T15:44:19","guid":{"rendered":"https:\/\/dnasllc.com\/staging?page_id=2108"},"modified":"2022-08-25T10:06:22","modified_gmt":"2022-08-25T15:06:22","slug":"haga-una-oferta","status":"publish","type":"page","link":"https:\/\/dnasllc.com\/es\/haga-una-oferta\/","title":{"rendered":"Haga una oferta"},"content":{"rendered":"<p>[et_pb_section fb_built=\u00bb1&#8243; _builder_version=\u00bb4.14.7&#8243; _module_preset=\u00bbdefault\u00bb background_color=\u00bb#000000&#8243; global_colors_info=\u00bb{}\u00bb][et_pb_row _builder_version=\u00bb4.14.7&#8243; _module_preset=\u00bbdefault\u00bb global_colors_info=\u00bb{}\u00bb][et_pb_column type=\u00bb4_4&#8243; _builder_version=\u00bb4.14.7&#8243; _module_preset=\u00bbdefault\u00bb global_colors_info=\u00bb{}\u00bb][et_pb_text _builder_version=\u00bb4.14.7&#8243; _module_preset=\u00bbdefault\u00bb header_text_color=\u00bb#FFFFFF\u00bb header_line_height=\u00bb1.3em\u00bb header_2_text_color=\u00bbgcid-d12057be-6e8d-4b96-9900-e27ac5a37ef8&#8243; header_2_line_height=\u00bb1.4em\u00bb hover_enabled=\u00bb0&#8243; global_colors_info=\u00bb{%22gcid-d12057be-6e8d-4b96-9900-e27ac5a37ef8%22:%91%22header_2_text_color%22%93}\u00bb sticky_enabled=\u00bb0&#8243;]<\/p>\n<h1>Haga una oferta<\/h1>\n<h2>Respeto | Equidad | Compasi\u00f3n<\/h2>\n<p>[\/et_pb_text][\/et_pb_column][\/et_pb_row][\/et_pb_section][et_pb_section fb_built=\u00bb1&#8243; _builder_version=\u00bb4.14.7&#8243; _module_preset=\u00bbdefault\u00bb custom_padding=\u00bb0px|||||\u00bb global_colors_info=\u00bb{}\u00bb][et_pb_row _builder_version=\u00bb4.14.7&#8243; _module_preset=\u00bbdefault\u00bb global_colors_info=\u00bb{}\u00bb][et_pb_column type=\u00bb4_4&#8243; _builder_version=\u00bb4.14.7&#8243; _module_preset=\u00bbdefault\u00bb global_colors_info=\u00bb{}\u00bb][et_pb_text _builder_version=\u00bb4.14.7&#8243; _module_preset=\u00bbdefault\u00bb global_colors_info=\u00bb{}\u00bb]<strong>Puede hacer una oferta para resolver la cuenta con un pago \u00fanico o un plan de pagos a trav\u00e9s de esta p\u00e1gina web, por favor, rellene completamente el siguiente formulario.<\/strong><\/p>\n<p>Aseg\u00farese de seleccionar si ofrece una oferta a tanto alzado o un plan de pagos. Debe incluir su n\u00famero de tel\u00e9fono y su direcci\u00f3n de correo electr\u00f3nico para que podamos responder a su oferta o en caso de que necesitemos solicitar informaci\u00f3n adicional.<\/p>\n<p>Por favor, tenga en cuenta que esto es una oferta y hasta que no sea aceptada por D&amp;A y\/o el Acreedor Actual, no constituye un acuerdo. NO realice un pago con estas condiciones hasta que su oferta haya sido aceptada. Hasta que ambas partes lleguen a un acuerdo, su saldo total sigue siendo exigible y cualquier proceso legal existente permanecer\u00e1 intacto. No estamos obligados a aceptar o renovar ninguna oferta de resoluci\u00f3n.[\/et_pb_text][et_pb_text _builder_version=\u00bb4.14.7&#8243; _module_preset=\u00bbdefault\u00bb background_color=\u00bbgcid-f7426afd-6d99-4068-8a63-0a81346dafe6&#8243; custom_padding=\u00bb20px|20px|20px|20px|false|false\u00bb border_radii=\u00bbon|5px|5px|5px|5px\u00bb global_colors_info=\u00bb{%22gcid-f7426afd-6d99-4068-8a63-0a81346dafe6%22:%91%22background_color%22%93}\u00bb]<\/p>\n<h3 style=\"text-align: center;\">H\u00e1ganos saber su oferta<\/h3>\n<p>&nbsp;<\/p>\n<p style=\"text-align: center;\">Se trata de un intento de cobrar una deuda por parte de un cobrador. Toda la informaci\u00f3n obtenida se utilizar\u00e1 para ese fin<\/p>\n<script type=\"text\/javascript\">if(!gform){document.addEventListener(\"gform_main_scripts_loaded\",function(){gform.scriptsLoaded=!0}),window.addEventListener(\"DOMContentLoaded\",function(){gform.domLoaded=!0});var gform={domLoaded:!1,scriptsLoaded:!1,initializeOnLoaded:function(o){gform.domLoaded&&gform.scriptsLoaded?o():!gform.domLoaded&&gform.scriptsLoaded?window.addEventListener(\"DOMContentLoaded\",o):document.addEventListener(\"gform_main_scripts_loaded\",o)},hooks:{action:{},filter:{}},addAction:function(o,n,r,t){gform.addHook(\"action\",o,n,r,t)},addFilter:function(o,n,r,t){gform.addHook(\"filter\",o,n,r,t)},doAction:function(o){gform.doHook(\"action\",o,arguments)},applyFilters:function(o){return gform.doHook(\"filter\",o,arguments)},removeAction:function(o,n){gform.removeHook(\"action\",o,n)},removeFilter:function(o,n,r){gform.removeHook(\"filter\",o,n,r)},addHook:function(o,n,r,t,i){null==gform.hooks[o][n]&&(gform.hooks[o][n]=[]);var e=gform.hooks[o][n];null==i&&(i=n+\"_\"+e.length),null==t&&(t=10),gform.hooks[o][n].push({tag:i,callable:r,priority:t})},doHook:function(o,n,r){if(r=Array.prototype.slice.call(r,1),null!=gform.hooks[o][n]){var t,i=gform.hooks[o][n];i.sort(function(o,n){return o.priority-n.priority});for(var e=0;e<i.length;e++)\"function\"!=typeof(t=i[e].callable)&&(t=window[t]),\"action\"==o?t.apply(null,r):r[0]=t.apply(null,r)}if(\"filter\"==o)return r[0]},removeHook:function(o,n,r,t){if(null!=gform.hooks[o][n])for(var i=gform.hooks[o][n],e=i.length-1;0<=e;e--)null!=t&&t!=i[e].tag||null!=r&&r!=i[e].priority||i.splice(e,1)}}}<\/script>\n                <div class='gf_browser_gecko gform_wrapper gravity-theme' id='gform_wrapper_3' ><div id='gf_3' class='gform_anchor' tabindex='-1'><\/div>\n                        <div class='gform_heading'>\n                            <h2 class=\"gform_title\">Formulario de oferta<\/h2>\n\t\t\t\t\t\t\t<p class='gform_required_legend'>&quot;<span class=\"gfield_required gfield_required_asterisk\">*<\/span>&quot; se\u00f1ala los campos obligatorios<\/p>\n                        <\/div><form method='post' enctype='multipart\/form-data' target='gform_ajax_frame_3' id='gform_3'  action='\/es\/wp-json\/wp\/v2\/pages\/2108#gf_3' novalidate>\n                        <div class='gform_body gform-body'><div id='gform_fields_3' class='gform_fields top_label form_sublabel_below description_below'><div id=\"field_3_1\" class=\"gfield gfield--width-half gfield_contains_required field_sublabel_below field_description_below gfield_visibility_visible\" ><label class='gfield_label' for='input_3_1' >Nombre<span class=\"gfield_required\"><span class=\"gfield_required gfield_required_asterisk\">*<\/span><\/span><\/label><div class='ginput_container ginput_container_text'><input name='input_1' id='input_3_1' type='text' value='' class='large'    placeholder='Nombre' aria-required=\"true\" aria-invalid=\"false\"   \/> <\/div><\/div><div id=\"field_3_2\" class=\"gfield gfield--width-half gfield_contains_required field_sublabel_below field_description_below gfield_visibility_visible\" ><label class='gfield_label' for='input_3_2' >N\u00famero de expediente D&amp;A<span class=\"gfield_required\"><span class=\"gfield_required gfield_required_asterisk\">*<\/span><\/span><\/label><div class='ginput_container ginput_container_text'><input name='input_2' id='input_3_2' type='text' value='' class='large'    placeholder='Introduzca el n\u00famero de expediente de D&amp;A' aria-required=\"true\" aria-invalid=\"false\"   \/> <\/div><\/div><div id=\"field_3_3\" class=\"gfield gfield--width-half gfield_contains_required field_sublabel_below field_description_below gfield_visibility_visible\" ><label class='gfield_label' for='input_3_3' >Tel\u00e9fono<span class=\"gfield_required\"><span class=\"gfield_required gfield_required_asterisk\">*<\/span><\/span><\/label><div class='ginput_container ginput_container_phone'><input name='input_3' id='input_3_3' type='tel' value='' class='large'  placeholder='Introduzca el n\u00famero de tel\u00e9fono' aria-required=\"true\" aria-invalid=\"false\" aria-describedby=\"gfield_description_3_3\"  \/><\/div><div class='gfield_description' id='gfield_description_3_3'>Se requiere un n\u00famero de tel\u00e9fono como punto de contacto, ya que no todos los clientes de D&amp;A nos permiten la correspondencia por correo electr\u00f3nico en este momento.<\/div><\/div><div id=\"field_3_12\" class=\"gfield gfield--width-half gfield_contains_required field_sublabel_below field_description_below gfield_visibility_visible\" ><label class='gfield_label' for='input_3_12' >Env\u00ede un correo electr\u00f3nico a<span class=\"gfield_required\"><span class=\"gfield_required gfield_required_asterisk\">*<\/span><\/span><\/label><div class='ginput_container ginput_container_email'>\n                            <input name='input_12' id='input_3_12' type='email' value='' class='large'   placeholder='Introduzca la direcci\u00f3n de correo electr\u00f3nico' aria-required=\"true\" aria-invalid=\"false\"  \/>\n                        <\/div><\/div><fieldset id=\"field_3_4\" class=\"gfield gfield--width-full gfield_contains_required field_sublabel_above field_description_below gfield_visibility_visible\" ><legend class='gfield_label gfield_label_before_complex'  >Direcci\u00f3n<span class=\"gfield_required\"><span class=\"gfield_required gfield_required_asterisk\">*<\/span><\/span><\/legend>    \n                    <div class='ginput_complex ginput_container has_street has_street2 has_city has_state has_zip ginput_container_address' id='input_3_4' >\n                         <span class='ginput_full address_line_1 ginput_address_line_1' id='input_3_4_1_container' >\n                                        <label for='input_3_4_1' id='input_3_4_1_label' >Direcci\u00f3n<\/label>\n                                        <input type='text' name='input_4.1' id='input_3_4_1' value=''   placeholder='Introduzca la direcci\u00f3n' aria-required='true'    \/>\n                                   <\/span><span class='ginput_full address_line_2 ginput_address_line_2' id='input_3_4_2_container' >\n                                        <label for='input_3_4_2' id='input_3_4_2_label' >Direcci\u00f3n 2<\/label>\n                                        <input type='text' name='input_4.2' id='input_3_4_2' value=''   placeholder='Introduzca la direcci\u00f3n de la l\u00ednea 2'  aria-required='false'   \/>\n                                    <\/span><span class='ginput_left address_city ginput_address_city' id='input_3_4_3_container' >\n                                    <label for='input_3_4_3' id='input_3_4_3_label' >Ciudad<\/label>\n                                    <input type='text' name='input_4.3' id='input_3_4_3' value=''   placeholder='Introduzca la ciudad' aria-required='true'    \/>\n                                 <\/span><span class='ginput_right address_state ginput_address_state' id='input_3_4_4_container' >\n                                        <label for='input_3_4_4' id='input_3_4_4_label' >Provincia<\/label>\n                                        <select name='input_4.4' id='input_3_4_4'     aria-required='true'    ><option value='' >Introduzca el Estado<\/option><option value='Alabama' >Alabama<\/option><option value='Alaska' >Alaska<\/option><option value='Arizona' >Arizona<\/option><option value='Arkansas' >Arkansas<\/option><option value='California' >California<\/option><option value='Colorado' >Colorado<\/option><option value='Connecticut' >Connecticut<\/option><option value='Delaware' >Delaware<\/option><option value='District of Columbia' >District of Columbia<\/option><option value='Florida' >Florida<\/option><option value='Georgia' >Georgia<\/option><option value='Hawaii' >Hawaii<\/option><option value='Idaho' >Idaho<\/option><option value='Illinois' selected='selected'>Illinois<\/option><option value='Indiana' >Indiana<\/option><option value='Iowa' >Iowa<\/option><option value='Kansas' >Kansas<\/option><option value='Kentucky' >Kentucky<\/option><option value='Louisiana' >Louisiana<\/option><option value='Maine' >Maine<\/option><option value='Maryland' >Maryland<\/option><option value='Massachusetts' >Massachusetts<\/option><option value='Michigan' >Michigan<\/option><option value='Minnesota' >Minnesota<\/option><option value='Mississippi' >Mississippi<\/option><option value='Missouri' >Missouri<\/option><option value='Montana' >Montana<\/option><option value='Nebraska' >Nebraska<\/option><option value='Nevada' >Nevada<\/option><option value='New Hampshire' >New Hampshire<\/option><option value='New Jersey' >New Jersey<\/option><option value='New Mexico' >New Mexico<\/option><option value='New York' >New York<\/option><option value='North Carolina' >North Carolina<\/option><option value='North Dakota' >North Dakota<\/option><option value='Ohio' >Ohio<\/option><option value='Oklahoma' >Oklahoma<\/option><option value='Oregon' >Oregon<\/option><option value='Pennsylvania' >Pennsylvania<\/option><option value='Rhode Island' >Rhode Island<\/option><option value='South Carolina' >South Carolina<\/option><option value='South Dakota' >South Dakota<\/option><option value='Tennessee' >Tennessee<\/option><option value='Texas' >Texas<\/option><option value='Utah' >Utah<\/option><option value='Vermont' >Vermont<\/option><option value='Virginia' >Virginia<\/option><option value='Washington' >Washington<\/option><option value='West Virginia' >West Virginia<\/option><option value='Wisconsin' >Wisconsin<\/option><option value='Wyoming' >Wyoming<\/option><option value='Armed Forces Americas' >Armed Forces Americas<\/option><option value='Armed Forces Europe' >Armed Forces Europe<\/option><option value='Armed Forces Pacific' >Armed Forces Pacific<\/option><\/select>\n                                      <\/span><span class='ginput_left address_zip ginput_address_zip' id='input_3_4_5_container' >\n                                    <label for='input_3_4_5' id='input_3_4_5_label' >C\u00f3digo Postal<\/label>\n                                    <input type='text' name='input_4.5' id='input_3_4_5' value=''   placeholder='Introduzca el c\u00f3digo postal' aria-required='true'   \/>\n                                <\/span><input type='hidden' class='gform_hidden' name='input_4.6' id='input_3_4_6' value='United States' \/>\n                    <div class='gf_clear gf_clear_complex'><\/div>\n                <\/div><\/fieldset><div id=\"field_3_5\" class=\"gfield gfield--width-half gfield_contains_required field_sublabel_below field_description_below gfield_visibility_visible\" ><label class='gfield_label' for='input_3_5' >Cantidad que ofrece<span class=\"gfield_required\"><span class=\"gfield_required gfield_required_asterisk\">*<\/span><\/span><\/label><div class='ginput_container ginput_container_text'><input name='input_5' id='input_3_5' type='text' value='' class='large'    placeholder='Ingrese la oferta' aria-required=\"true\" aria-invalid=\"false\"   \/> <\/div><\/div><div id=\"field_3_6\" class=\"gfield gfield--width-half gfield_contains_required field_sublabel_below field_description_below gfield_visibility_visible\" ><label class='gfield_label' for='input_3_6' >Importe de la cuota sugerida<span class=\"gfield_required\"><span class=\"gfield_required gfield_required_asterisk\">*<\/span><\/span><\/label><div class='ginput_container ginput_container_text'><input name='input_6' id='input_3_6' type='text' value='' class='large'    placeholder='Introduzca el importe de la cuota sugerida' aria-required=\"true\" aria-invalid=\"false\"   \/> <\/div><\/div><div id=\"field_3_13\" class=\"gfield gfield--width-half gfield_contains_required field_sublabel_below field_description_above gfield_visibility_visible\" ><label class='gfield_label' for='input_3_13' >Fecha de inicio del pago<span class=\"gfield_required\"><span class=\"gfield_required gfield_required_asterisk\">*<\/span><\/span><\/label><div class='gfield_description' id='gfield_description_3_13'>Por favor, introduzca la fecha al menos 6 d\u00edas despu\u00e9s de la fecha actual.<\/div><div class='ginput_container ginput_container_text'><input name='input_13' id='input_3_13' type='text' value='' class='large'  aria-describedby=\"gfield_description_3_13\"   aria-required=\"true\" aria-invalid=\"false\"   \/> <\/div><\/div><div id=\"field_3_8\" class=\"gfield gfield--width-half gfield_contains_required field_sublabel_below field_description_below gfield_visibility_visible\" ><label class='gfield_label' for='input_3_8' >Frecuencia de los pagos<span class=\"gfield_required\"><span class=\"gfield_required gfield_required_asterisk\">*<\/span><\/span><\/label><div class='ginput_container ginput_container_select'><select name='input_8' id='input_3_8' class='large gfield_select'    aria-required=\"true\" aria-invalid=\"false\" ><option value='' selected='selected' class='gf_placeholder'>Frecuencia de los pagos<\/option><option value='Semanal' >Semanal<\/option><option value='Quincenalmente' >Quincenalmente<\/option><option value='Mensualmente' >Mensualmente<\/option><\/select><\/div><\/div><div id=\"field_3_9\" class=\"gfield field_sublabel_below field_description_below gfield_visibility_visible\" ><label class='gfield_label' for='input_3_9' >Comentarios\/preguntas<\/label><div class='ginput_container ginput_container_textarea'><textarea name='input_9' id='input_3_9' class='textarea small'    placeholder='Introduzca sus comentarios o preguntas'  aria-invalid=\"false\"   rows='10' cols='50'><\/textarea><\/div><\/div><fieldset id=\"field_3_10\" class=\"gfield gfield--width-full gfield_contains_required field_sublabel_below field_description_below gfield_visibility_visible\" ><legend class='gfield_label gfield_label_before_complex'  >Entiendo y estoy de acuerdo<span class=\"gfield_required\"><span class=\"gfield_required gfield_required_asterisk\">*<\/span><\/span><\/legend><div class='ginput_container ginput_container_consent'><input name='input_10.1' id='input_3_10_1' type='checkbox' value='1'   aria-required=\"true\" aria-invalid=\"false\"   \/> <label class=\"gfield_consent_label\" for='input_3_10_1' >Al enviar este formulario, usted entiende y acepta la informaci\u00f3n especificada anteriormente.<\/label><input type='hidden' name='input_10.2' value='Al enviar este formulario, usted entiende y acepta la informaci\u00f3n especificada anteriormente.' class='gform_hidden' \/><input type='hidden' name='input_10.3' value='6' class='gform_hidden' \/><\/div><\/fieldset><fieldset id=\"field_3_15\" class=\"gfield gfield--width-full gfield_contains_required field_sublabel_below field_description_below gfield_visibility_visible\" ><legend class='gfield_label gfield_label_before_complex'  >Consent to Contact by Phone<span class=\"gfield_required\"><span class=\"gfield_required gfield_required_asterisk\">*<\/span><\/span><\/legend><div class='ginput_container ginput_container_consent'><input name='input_15.1' id='input_3_15_1' type='checkbox' value='1'   aria-required=\"true\" aria-invalid=\"false\"   \/> <label class=\"gfield_consent_label\" for='input_3_15_1' >By checking this box, you\u2019re providing D&A Services consent to contact me at the telephone number provided.<\/label><input type='hidden' name='input_15.2' value='By checking this box, you\u2019re providing D&amp;A Services consent to contact me at the telephone number provided.' class='gform_hidden' \/><input type='hidden' name='input_15.3' value='6' class='gform_hidden' \/><\/div><\/fieldset><div id=\"field_3_11\" class=\"gfield gfield--width-full gfield_html gfield_html_formatted gfield_no_follows_desc field_sublabel_below field_description_below gfield_visibility_visible\" >Por favor, espere hasta cinco (5) d\u00edas h\u00e1biles para que su oferta sea revisada por un Gestor de Cobros o un Gestor de la Divisi\u00f3n de Oficinas.\n<br>\n\n<b>Se trata de un intento de cobrar una deuda por parte de un cobrador. Toda la informaci\u00f3n obtenida se utilizar\u00e1 para ese fin.  <\/b><\/div><div id=\"field_3_14\" class=\"gfield gfield--width-full field_sublabel_below field_description_below hidden_label gfield_visibility_visible\" ><label class='gfield_label' for='input_3_14' >CAPTCHA<\/label><div id='input_3_14' class='ginput_container ginput_recaptcha' data-sitekey='6Lf-isQUAAAAAFJx1-LABy50TPp22tyiUxTg0PgD'  data-theme='light' data-tabindex='-1' data-size='invisible' data-badge='bottomright'><\/div><\/div><\/div><\/div>\n        <div class='gform_footer top_label'> <input type='submit' id='gform_submit_button_3' class='gform_button button' value='Env\u00ede'  onclick='if(window[\"gf_submitting_3\"]){return false;}  if( !jQuery(\"#gform_3\")[0].checkValidity || jQuery(\"#gform_3\")[0].checkValidity()){window[\"gf_submitting_3\"]=true;}  ' onkeypress='if( event.keyCode == 13 ){ if(window[\"gf_submitting_3\"]){return false;} if( !jQuery(\"#gform_3\")[0].checkValidity || jQuery(\"#gform_3\")[0].checkValidity()){window[\"gf_submitting_3\"]=true;}  jQuery(\"#gform_3\").trigger(\"submit\",[true]); }' \/> <input type='hidden' name='gform_ajax' value='form_id=3&amp;title=1&amp;description=&amp;tabindex=0' \/>\n            <input type='hidden' class='gform_hidden' name='is_submit_3' value='1' \/>\n            <input type='hidden' class='gform_hidden' name='gform_submit' value='3' \/>\n            \n            <input type='hidden' class='gform_hidden' name='gform_unique_id' value='' \/>\n            <input type='hidden' class='gform_hidden' name='state_3' value='WyJ7XCIxMC4xXCI6XCIzYjljNmQyNjc0MWNhZjQ4NzA0NWRlMWJiZDk2YmU3NFwiLFwiMTAuMlwiOlwiYjA3NWM2NTI1YzM0MjdmYzdkYTJiOTRjMzJlNjYxODNcIixcIjEwLjNcIjpcIjAzNzIyNDJiNjQ0ZTIwYjIzYTZkNmVmNGFjYzA0NmUzXCIsXCIxNS4xXCI6XCIzYjljNmQyNjc0MWNhZjQ4NzA0NWRlMWJiZDk2YmU3NFwiLFwiMTUuMlwiOlwiOWZlNzAwMDkxMGUwODM0NmYzZTEyOTkwODljZTZmMGJcIixcIjE1LjNcIjpcIjAzNzIyNDJiNjQ0ZTIwYjIzYTZkNmVmNGFjYzA0NmUzXCJ9IiwiMzY0MDdjN2NmNmM3YTBhYmUzYTU2NWQ2N2YyMGU4ODkiXQ==' \/>\n            <input type='hidden' class='gform_hidden' name='gform_target_page_number_3' id='gform_target_page_number_3' value='0' \/>\n            <input type='hidden' class='gform_hidden' name='gform_source_page_number_3' id='gform_source_page_number_3' value='1' \/>\n            <input type='hidden' name='gform_field_values' value='' \/>\n            \n        <\/div>\n                        <\/form>\n                        <\/div>\n                <iframe style='display:none;width:0px;height:0px;' src='about:blank' name='gform_ajax_frame_3' id='gform_ajax_frame_3' title='Este iframe contiene la l\u00f3gica necesaria para gestionar formularios con ajax activado.'><\/iframe>\n                <script type=\"text\/javascript\">\n\/* <![CDATA[ *\/\n gform.initializeOnLoaded( function() {gformInitSpinner( 3, 'https:\/\/dnasllc.com\/wp-content\/plugins\/gravityforms\/images\/spinner.svg' );jQuery('#gform_ajax_frame_3').on('load',function(){var contents = jQuery(this).contents().find('*').html();var is_postback = contents.indexOf('GF_AJAX_POSTBACK') >= 0;if(!is_postback){return;}var form_content = jQuery(this).contents().find('#gform_wrapper_3');var is_confirmation = jQuery(this).contents().find('#gform_confirmation_wrapper_3').length > 0;var is_redirect = contents.indexOf('gformRedirect(){') >= 0;var is_form = form_content.length > 0 && ! is_redirect && ! is_confirmation;var mt = parseInt(jQuery('html').css('margin-top'), 10) + parseInt(jQuery('body').css('margin-top'), 10) + 100;if(is_form){jQuery('#gform_wrapper_3').html(form_content.html());if(form_content.hasClass('gform_validation_error')){jQuery('#gform_wrapper_3').addClass('gform_validation_error');} else {jQuery('#gform_wrapper_3').removeClass('gform_validation_error');}setTimeout( function() { \/* delay the scroll by 50 milliseconds to fix a bug in chrome *\/ jQuery(document).scrollTop(jQuery('#gform_wrapper_3').offset().top - mt); }, 50 );if(window['gformInitDatepicker']) {gformInitDatepicker();}if(window['gformInitPriceFields']) {gformInitPriceFields();}var current_page = jQuery('#gform_source_page_number_3').val();gformInitSpinner( 3, 'https:\/\/dnasllc.com\/wp-content\/plugins\/gravityforms\/images\/spinner.svg' );jQuery(document).trigger('gform_page_loaded', [3, current_page]);window['gf_submitting_3'] = false;}else if(!is_redirect){var confirmation_content = jQuery(this).contents().find('.GF_AJAX_POSTBACK').html();if(!confirmation_content){confirmation_content = contents;}setTimeout(function(){jQuery('#gform_wrapper_3').replaceWith(confirmation_content);jQuery(document).scrollTop(jQuery('#gf_3').offset().top - mt);jQuery(document).trigger('gform_confirmation_loaded', [3]);window['gf_submitting_3'] = false;wp.a11y.speak(jQuery('#gform_confirmation_message_3').text());}, 50);}else{jQuery('#gform_3').append(contents);if(window['gformRedirect']) {gformRedirect();}}jQuery(document).trigger('gform_post_render', [3, current_page]);} );} ); \n\/* ]]> *\/\n<\/script>\n\n<p>[\/et_pb_text][\/et_pb_column][\/et_pb_row][\/et_pb_section]<\/p>\n","protected":false},"excerpt":{"rendered":"<p>Haga una oferta Respeto | Equidad | Compasi\u00f3nPuede hacer una oferta para resolver la cuenta con un pago \u00fanico o un plan de pagos a trav\u00e9s de esta p\u00e1gina web, por favor, rellene completamente el siguiente formulario. Aseg\u00farese de seleccionar si ofrece una oferta a tanto alzado o un plan de pagos. Debe incluir su [&hellip;]<\/p>\n","protected":false},"author":2,"featured_media":0,"parent":0,"menu_order":0,"comment_status":"closed","ping_status":"closed","template":"","meta":{"_et_pb_use_builder":"on","_et_pb_old_content":"","_et_gb_content_width":"","footnotes":""},"class_list":["post-2108","page","type-page","status-publish","hentry"],"_links":{"self":[{"href":"https:\/\/dnasllc.com\/es\/wp-json\/wp\/v2\/pages\/2108","targetHints":{"allow":["GET"]}}],"collection":[{"href":"https:\/\/dnasllc.com\/es\/wp-json\/wp\/v2\/pages"}],"about":[{"href":"https:\/\/dnasllc.com\/es\/wp-json\/wp\/v2\/types\/page"}],"author":[{"embeddable":true,"href":"https:\/\/dnasllc.com\/es\/wp-json\/wp\/v2\/users\/2"}],"replies":[{"embeddable":true,"href":"https:\/\/dnasllc.com\/es\/wp-json\/wp\/v2\/comments?post=2108"}],"version-history":[{"count":2,"href":"https:\/\/dnasllc.com\/es\/wp-json\/wp\/v2\/pages\/2108\/revisions"}],"predecessor-version":[{"id":2117,"href":"https:\/\/dnasllc.com\/es\/wp-json\/wp\/v2\/pages\/2108\/revisions\/2117"}],"wp:attachment":[{"href":"https:\/\/dnasllc.com\/es\/wp-json\/wp\/v2\/media?parent=2108"}],"curies":[{"name":"wp","href":"https:\/\/api.w.org\/{rel}","templated":true}]}}