{"id":2109,"date":"2022-01-24T10:10:51","date_gmt":"2022-01-24T16:10:51","guid":{"rendered":"https:\/\/dnasllc.com\/staging?page_id=2109"},"modified":"2023-08-28T11:37:15","modified_gmt":"2023-08-28T16:37:15","slug":"dificultad-disputa-fraude","status":"publish","type":"page","link":"https:\/\/dnasllc.com\/es\/dificultad-disputa-fraude\/","title":{"rendered":"Dificultad, disputa, fraude"},"content":{"rendered":"<p>[et_pb_section fb_built=\u00bb1&#8243; _builder_version=\u00bb4.16&#8243; _module_preset=\u00bbdefault\u00bb background_color=\u00bb#000000&#8243; global_colors_info=\u00bb{}\u00bb][et_pb_row _builder_version=\u00bb4.16&#8243; _module_preset=\u00bbdefault\u00bb global_colors_info=\u00bb{}\u00bb][et_pb_column type=\u00bb4_4&#8243; _builder_version=\u00bb4.16&#8243; _module_preset=\u00bbdefault\u00bb global_colors_info=\u00bb{}\u00bb][et_pb_text _builder_version=\u00bb4.16&#8243; _module_preset=\u00bbdefault\u00bb header_text_color=\u00bb#FFFFFF\u00bb header_line_height=\u00bb1.3em\u00bb header_2_text_color=\u00bbgcid-d12057be-6e8d-4b96-9900-e27ac5a37ef8&#8243; header_2_line_height=\u00bb1.4em\u00bb global_colors_info=\u00bb{%22gcid-d12057be-6e8d-4b96-9900-e27ac5a37ef8%22:%91%22header_2_text_color%22%93}\u00bb]<\/p>\n<h1>Dificultad, disputa, fraude<\/h1>\n<h2>Respeto | Equidad | Compasi\u00f3n<\/h2>\n<p>[\/et_pb_text][\/et_pb_column][\/et_pb_row][\/et_pb_section][et_pb_section fb_built=\u00bb1&#8243; _builder_version=\u00bb4.16&#8243; _module_preset=\u00bbdefault\u00bb custom_padding=\u00bb0px|||||\u00bb global_colors_info=\u00bb{}\u00bb][et_pb_row _builder_version=\u00bb4.16&#8243; _module_preset=\u00bbdefault\u00bb global_colors_info=\u00bb{}\u00bb][et_pb_column type=\u00bb4_4&#8243; _builder_version=\u00bb4.16&#8243; _module_preset=\u00bbdefault\u00bb global_colors_info=\u00bb{}\u00bb][et_pb_text _builder_version=\u00bb4.22.1&#8243; _module_preset=\u00bbdefault\u00bb hover_enabled=\u00bb0&#8243; global_colors_info=\u00bb{}\u00bb sticky_enabled=\u00bb0&#8243;]<\/p>\n<p>Todos nosotros en D&amp;A Services, LLC. comprender que cada persona tiene circunstancias \u00fanicas en torno a su vida. Nuestra intenci\u00f3n es ofrecer a los consumidores un proceso sencillo y transparente para hacer frente a las dificultades financieras o m\u00e9dicas, as\u00ed como a las preocupaciones relacionadas con las disputas y el fraude.<\/p>\n<p>Si desea impugnar la deuda, o si cree que es v\u00edctima de un robo de identidad, puede comunic\u00e1rnoslo en el siguiente formulario. De lo contrario, p\u00f3ngase en contacto con nosotros en <a href=\"tel:8773144308\">877-314-4308<\/a> o env\u00edenos una comunicaci\u00f3n por escrito a 1400 E. Touhy Ave., Suite G2, Des Plaines, IL 60018.<\/p>\n<p>[\/et_pb_text][et_pb_text _builder_version=\u00bb4.16&#8243; _module_preset=\u00bbdefault\u00bb background_color=\u00bbgcid-f7426afd-6d99-4068-8a63-0a81346dafe6&#8243; custom_padding=\u00bb20px|20px|20px|20px|false|false\u00bb border_radii=\u00bbon|5px|5px|5px|5px\u00bb global_colors_info=\u00bb{%22gcid-f7426afd-6d99-4068-8a63-0a81346dafe6%22:%91%22background_color%22%93}\u00bb]<\/p>\n<h3 style=\"text-align: center;\">D\u00edganos m\u00e1s<\/h3>\n<p>&nbsp;<\/p>\n<p><script type=\"text\/javascript\">if(!gform){document.addEventListener(\"gform_main_scripts_loaded\",function(){gform.scriptsLoaded=!0}),window.addEventListener(\"DOMContentLoaded\",function(){gform.domLoaded=!0});var gform={domLoaded:!1,scriptsLoaded:!1,initializeOnLoaded:function(o){gform.domLoaded&&gform.scriptsLoaded?o():!gform.domLoaded&&gform.scriptsLoaded?window.addEventListener(\"DOMContentLoaded\",o):document.addEventListener(\"gform_main_scripts_loaded\",o)},hooks:{action:{},filter:{}},addAction:function(o,n,r,t){gform.addHook(\"action\",o,n,r,t)},addFilter:function(o,n,r,t){gform.addHook(\"filter\",o,n,r,t)},doAction:function(o){gform.doHook(\"action\",o,arguments)},applyFilters:function(o){return gform.doHook(\"filter\",o,arguments)},removeAction:function(o,n){gform.removeHook(\"action\",o,n)},removeFilter:function(o,n,r){gform.removeHook(\"filter\",o,n,r)},addHook:function(o,n,r,t,i){null==gform.hooks[o][n]&&(gform.hooks[o][n]=[]);var e=gform.hooks[o][n];null==i&&(i=n+\"_\"+e.length),null==t&&(t=10),gform.hooks[o][n].push({tag:i,callable:r,priority:t})},doHook:function(o,n,r){if(r=Array.prototype.slice.call(r,1),null!=gform.hooks[o][n]){var t,i=gform.hooks[o][n];i.sort(function(o,n){return o.priority-n.priority});for(var e=0;e<i.length;e++)\"function\"!=typeof(t=i[e].callable)&&(t=window[t]),\"action\"==o?t.apply(null,r):r[0]=t.apply(null,r)}if(\"filter\"==o)return r[0]},removeHook:function(o,n,r,t){if(null!=gform.hooks[o][n])for(var i=gform.hooks[o][n],e=i.length-1;0<=e;e--)null!=t&&t!=i[e].tag||null!=r&&r!=i[e].priority||i.splice(e,1)}}}<\/script>\n                <div class='gf_browser_gecko gform_wrapper gravity-theme' id='gform_wrapper_4' ><div id='gf_4' class='gform_anchor' tabindex='-1'><\/div>\n                        <div class='gform_heading'>\n                            <h2 class=\"gform_title\">Formulario de Dificultad, Disputa y Fraude<\/h2>\n\t\t\t\t\t\t\t<p class='gform_required_legend'>&quot;<span class=\"gfield_required gfield_required_asterisk\">*<\/span>&quot; se\u00f1ala los campos obligatorios<\/p>\n                        <\/div><form method='post' enctype='multipart\/form-data' target='gform_ajax_frame_4' id='gform_4'  action='\/es\/wp-json\/wp\/v2\/pages\/2109#gf_4' novalidate>\n                        <div class='gform_body gform-body'><div id='gform_fields_4' class='gform_fields top_label form_sublabel_below description_below'><div id=\"field_4_1\" class=\"gfield gfield--width-half gfield_contains_required field_sublabel_below field_description_below gfield_visibility_visible\" ><label class='gfield_label' for='input_4_1' >Nombre<span class=\"gfield_required\"><span class=\"gfield_required gfield_required_asterisk\">*<\/span><\/span><\/label><div class='ginput_container ginput_container_text'><input name='input_1' id='input_4_1' type='text' value='' class='large'    placeholder='Nombre' aria-required=\"true\" aria-invalid=\"false\"   \/> <\/div><\/div><div id=\"field_4_2\" class=\"gfield gfield--width-half gfield_contains_required field_sublabel_below field_description_below gfield_visibility_visible\" ><label class='gfield_label' for='input_4_2' >Env\u00ede un correo electr\u00f3nico a<span class=\"gfield_required\"><span class=\"gfield_required gfield_required_asterisk\">*<\/span><\/span><\/label><div class='ginput_container ginput_container_email'>\n                            <input name='input_2' id='input_4_2' type='email' value='' class='large'   placeholder='Introduzca el correo electr\u00f3nico' aria-required=\"true\" aria-invalid=\"false\"  \/>\n                        <\/div><\/div><div id=\"field_4_8\" class=\"gfield gfield--width-full gfield_contains_required field_sublabel_below field_description_below gfield_visibility_visible\" ><label class='gfield_label' for='input_4_8' >N\u00famero D&amp;A<span class=\"gfield_required\"><span class=\"gfield_required gfield_required_asterisk\">*<\/span><\/span><\/label><div class='ginput_container ginput_container_text'><input name='input_8' id='input_4_8' type='text' value='' class='large'  aria-describedby=\"gfield_description_4_8\"  placeholder='Introduzca el n\u00famero de D&amp;A' aria-required=\"true\" aria-invalid=\"false\"   \/> <\/div><div class='gfield_description' id='gfield_description_4_8'>Si no conoce su n\u00famero de D&amp;A, p\u00f3ngase en contacto con nosotros en el 877-314-4308 o env\u00edenos una comunicaci\u00f3n por escrito a 1400 E. Touhy Ave., Suite G2, Des Plaines, IL 60018<\/div><\/div><div id=\"field_4_4\" class=\"gfield gfield--width-full gfield_contains_required field_sublabel_below field_description_below gfield_visibility_visible\" ><label class='gfield_label' for='input_4_4' >Tel\u00e9fono<span class=\"gfield_required\"><span class=\"gfield_required gfield_required_asterisk\">*<\/span><\/span><\/label><div class='ginput_container ginput_container_phone'><input name='input_4' id='input_4_4' type='tel' value='' class='large'  placeholder='Introduzca el n\u00famero de tel\u00e9fono' aria-required=\"true\" aria-invalid=\"false\"   \/><\/div><\/div><div id=\"field_4_3\" class=\"gfield gfield--width-full gfield_contains_required field_sublabel_below field_description_below gfield_visibility_visible\" ><label class='gfield_label' for='input_4_3' >Direcci\u00f3n<span class=\"gfield_required\"><span class=\"gfield_required gfield_required_asterisk\">*<\/span><\/span><\/label><div class='ginput_container ginput_container_text'><input name='input_3' id='input_4_3' type='text' value='' class='large'    placeholder='Introduzca la direcci\u00f3n' aria-required=\"true\" aria-invalid=\"false\"   \/> <\/div><\/div><div id=\"field_4_9\" class=\"gfield gfield--width-full field_sublabel_below field_description_below gfield_visibility_visible\" ><label class='gfield_label' for='input_4_9' >Nombre del acreedor<\/label><div class='ginput_container ginput_container_text'><input name='input_9' id='input_4_9' type='text' value='' class='large'    placeholder='Introduzca el nombre del acreedor'  aria-invalid=\"false\"   \/> <\/div><\/div><div id=\"field_4_5\" class=\"gfield gfield_contains_required field_sublabel_below field_description_below gfield_visibility_visible\" ><label class='gfield_label' for='input_4_5' >Detalles<span class=\"gfield_required\"><span class=\"gfield_required gfield_required_asterisk\">*<\/span><\/span><\/label><div class='ginput_container ginput_container_textarea'><textarea name='input_5' id='input_4_5' class='textarea medium'    placeholder='Introduzca sus comentarios o preguntas' aria-required=\"true\" aria-invalid=\"false\"   rows='10' cols='50'><\/textarea><\/div><\/div><div id=\"field_4_10\" class=\"gfield gfield--width-full field_sublabel_below field_description_below gfield_visibility_visible\" ><label class='gfield_label' for='input_4_10' >El mejor momento para contactar con usted<\/label><div class='ginput_container ginput_container_text'><input name='input_10' id='input_4_10' type='text' value='' class='large'    placeholder='Introduzca la fecha y la hora'  aria-invalid=\"false\"   \/> <\/div><\/div><fieldset id=\"field_4_7\" class=\"gfield gfield--width-full gfield_contains_required field_sublabel_below field_description_below gfield_visibility_visible\" ><legend class='gfield_label gfield_label_before_complex'  >Entiendo y estoy de acuerdo<span class=\"gfield_required\"><span class=\"gfield_required gfield_required_asterisk\">*<\/span><\/span><\/legend><div class='ginput_container ginput_container_consent'><input name='input_7.1' id='input_4_7_1' type='checkbox' value='1'   aria-required=\"true\" aria-invalid=\"false\"   \/> <label class=\"gfield_consent_label\" for='input_4_7_1' >Al enviar este formulario, usted entiende y acepta que la informaci\u00f3n especificada anteriormente es exacta.<\/label><input type='hidden' name='input_7.2' value='Al enviar este formulario, usted entiende y acepta que la informaci\u00f3n especificada anteriormente es exacta.' class='gform_hidden' \/><input type='hidden' name='input_7.3' value='4' class='gform_hidden' \/><\/div><\/fieldset><fieldset id=\"field_4_11\" class=\"gfield gfield--width-full field_sublabel_below field_description_below hidden_label gfield_visibility_visible\" ><legend class='gfield_label gfield_label_before_complex'  >SMS<\/legend><div class='ginput_container ginput_container_consent'><input name='input_11.1' id='input_4_11_1' type='checkbox' value='1'    aria-invalid=\"false\"   \/> <label class=\"gfield_consent_label\" for='input_4_11_1' >Doy mi consentimiento para que se pongan en contacto conmigo en relaci\u00f3n con esta solicitud a trav\u00e9s de un SMS.<\/label><input type='hidden' name='input_11.2' value='Doy mi consentimiento para que se pongan en contacto conmigo en relaci\u00f3n con esta solicitud a trav\u00e9s de un SMS.' class='gform_hidden' \/><input type='hidden' name='input_11.3' value='4' class='gform_hidden' \/><\/div><\/fieldset><fieldset id=\"field_4_12\" class=\"gfield gfield--width-full field_sublabel_below field_description_below hidden_label gfield_visibility_visible\" ><legend class='gfield_label gfield_label_before_complex'  >Env\u00ede un correo electr\u00f3nico a<\/legend><div class='ginput_container ginput_container_consent'><input name='input_12.1' id='input_4_12_1' type='checkbox' value='1'    aria-invalid=\"false\"   \/> <label class=\"gfield_consent_label\" for='input_4_12_1' >Doy mi consentimiento para que se pongan en contacto conmigo en relaci\u00f3n con esta solicitud por correo electr\u00f3nico.<\/label><input type='hidden' name='input_12.2' value='Doy mi consentimiento para que se pongan en contacto conmigo en relaci\u00f3n con esta solicitud por correo electr\u00f3nico.' class='gform_hidden' \/><input type='hidden' name='input_12.3' value='4' class='gform_hidden' \/><\/div><\/fieldset><fieldset id=\"field_4_14\" class=\"gfield gfield--width-full field_sublabel_below field_description_below gfield_visibility_visible\" ><legend class='gfield_label gfield_label_before_complex'  >Consent to Contact by Phone<\/legend><div class='ginput_container ginput_container_consent'><input name='input_14.1' id='input_4_14_1' type='checkbox' value='1'    aria-invalid=\"false\"   \/> <label class=\"gfield_consent_label\" for='input_4_14_1' >By checking this box, you\u2019re providing D&A Services consent to contact me at the telephone number provided.<\/label><input type='hidden' name='input_14.2' value='By checking this box, you\u2019re providing D&amp;A Services consent to contact me at the telephone number provided.' class='gform_hidden' \/><input type='hidden' name='input_14.3' value='4' class='gform_hidden' \/><\/div><\/fieldset><div id=\"field_4_6\" class=\"gfield gfield--width-full gfield_html gfield_html_formatted gfield_no_follows_desc field_sublabel_below field_description_below gfield_visibility_visible\" ><b>Se trata de un intento de cobrar una deuda por parte de un cobrador. Toda la informaci\u00f3n obtenida se utilizar\u00e1 para ese fin.  <\/b>\n<\/div><div id=\"field_4_13\" class=\"gfield gfield--width-full field_sublabel_below field_description_below hidden_label gfield_visibility_visible\" ><label class='gfield_label' for='input_4_13' >CAPTCHA<\/label><div id='input_4_13' class='ginput_container ginput_recaptcha' data-sitekey='6Lf-isQUAAAAAFJx1-LABy50TPp22tyiUxTg0PgD'  data-theme='light' data-tabindex='-1' data-size='invisible' data-badge='bottomright'><\/div><\/div><\/div><\/div>\n        <div class='gform_footer top_label'> <input type='submit' id='gform_submit_button_4' class='gform_button button' value='Env\u00ede'  onclick='if(window[\"gf_submitting_4\"]){return false;}  if( !jQuery(\"#gform_4\")[0].checkValidity || jQuery(\"#gform_4\")[0].checkValidity()){window[\"gf_submitting_4\"]=true;}  ' onkeypress='if( event.keyCode == 13 ){ if(window[\"gf_submitting_4\"]){return false;} if( !jQuery(\"#gform_4\")[0].checkValidity || jQuery(\"#gform_4\")[0].checkValidity()){window[\"gf_submitting_4\"]=true;}  jQuery(\"#gform_4\").trigger(\"submit\",[true]); }' \/> <input type='hidden' name='gform_ajax' value='form_id=4&amp;title=1&amp;description=&amp;tabindex=0' \/>\n            <input type='hidden' class='gform_hidden' name='is_submit_4' value='1' \/>\n            <input type='hidden' class='gform_hidden' name='gform_submit' value='4' \/>\n            \n            <input type='hidden' class='gform_hidden' name='gform_unique_id' value='' \/>\n            <input type='hidden' class='gform_hidden' name='state_4' value='WyJ7XCI3LjFcIjpcIjNiOWM2ZDI2NzQxY2FmNDg3MDQ1ZGUxYmJkOTZiZTc0XCIsXCI3LjJcIjpcIjhhZDcyNTU2MmE3MTZkYjIwNGFmYjg4ODAxMzRhYzY0XCIsXCI3LjNcIjpcIjdmMGEzZTVlMTA4NmVlODZkZDM2YmIzNWUxNjZhODhiXCIsXCIxMS4xXCI6XCIzYjljNmQyNjc0MWNhZjQ4NzA0NWRlMWJiZDk2YmU3NFwiLFwiMTEuMlwiOlwiM2Y1NTdiOTVmNzkzNTdhNzQ5N2Y2ZmJmMDRiNjk0MWNcIixcIjExLjNcIjpcIjdmMGEzZTVlMTA4NmVlODZkZDM2YmIzNWUxNjZhODhiXCIsXCIxMi4xXCI6XCIzYjljNmQyNjc0MWNhZjQ4NzA0NWRlMWJiZDk2YmU3NFwiLFwiMTIuMlwiOlwiMGE2ZTMyMTQ4YzQ1OGQzY2Y3NzNiNjA2Y2QwYmMxYzhcIixcIjEyLjNcIjpcIjdmMGEzZTVlMTA4NmVlODZkZDM2YmIzNWUxNjZhODhiXCIsXCIxNC4xXCI6XCIzYjljNmQyNjc0MWNhZjQ4NzA0NWRlMWJiZDk2YmU3NFwiLFwiMTQuMlwiOlwiOWZlNzAwMDkxMGUwODM0NmYzZTEyOTkwODljZTZmMGJcIixcIjE0LjNcIjpcIjdmMGEzZTVlMTA4NmVlODZkZDM2YmIzNWUxNjZhODhiXCJ9IiwiN2M4NDIzOGU5YTEzOGIwZmZkYzlmNDcyMDQwNGRhODMiXQ==' \/>\n            <input type='hidden' class='gform_hidden' name='gform_target_page_number_4' id='gform_target_page_number_4' value='0' \/>\n            <input type='hidden' class='gform_hidden' name='gform_source_page_number_4' id='gform_source_page_number_4' value='1' \/>\n            <input type='hidden' name='gform_field_values' value='' \/>\n            \n        <\/div>\n                        <\/form>\n                        <\/div>\n                <iframe style='display:none;width:0px;height:0px;' src='about:blank' name='gform_ajax_frame_4' id='gform_ajax_frame_4' title='Este iframe contiene la l\u00f3gica necesaria para gestionar formularios con ajax activado.'><\/iframe>\n                <script type=\"text\/javascript\">\n\/* <![CDATA[ *\/\n gform.initializeOnLoaded( function() {gformInitSpinner( 4, 'https:\/\/dnasllc.com\/wp-content\/plugins\/gravityforms\/images\/spinner.svg' );jQuery('#gform_ajax_frame_4').on('load',function(){var contents = jQuery(this).contents().find('*').html();var is_postback = contents.indexOf('GF_AJAX_POSTBACK') >= 0;if(!is_postback){return;}var form_content = jQuery(this).contents().find('#gform_wrapper_4');var is_confirmation = jQuery(this).contents().find('#gform_confirmation_wrapper_4').length > 0;var is_redirect = contents.indexOf('gformRedirect(){') >= 0;var is_form = form_content.length > 0 && ! is_redirect && ! is_confirmation;var mt = parseInt(jQuery('html').css('margin-top'), 10) + parseInt(jQuery('body').css('margin-top'), 10) + 100;if(is_form){jQuery('#gform_wrapper_4').html(form_content.html());if(form_content.hasClass('gform_validation_error')){jQuery('#gform_wrapper_4').addClass('gform_validation_error');} else {jQuery('#gform_wrapper_4').removeClass('gform_validation_error');}setTimeout( function() { \/* delay the scroll by 50 milliseconds to fix a bug in chrome *\/ jQuery(document).scrollTop(jQuery('#gform_wrapper_4').offset().top - mt); }, 50 );if(window['gformInitDatepicker']) {gformInitDatepicker();}if(window['gformInitPriceFields']) {gformInitPriceFields();}var current_page = jQuery('#gform_source_page_number_4').val();gformInitSpinner( 4, 'https:\/\/dnasllc.com\/wp-content\/plugins\/gravityforms\/images\/spinner.svg' );jQuery(document).trigger('gform_page_loaded', [4, current_page]);window['gf_submitting_4'] = false;}else if(!is_redirect){var confirmation_content = jQuery(this).contents().find('.GF_AJAX_POSTBACK').html();if(!confirmation_content){confirmation_content = contents;}setTimeout(function(){jQuery('#gform_wrapper_4').replaceWith(confirmation_content);jQuery(document).scrollTop(jQuery('#gf_4').offset().top - mt);jQuery(document).trigger('gform_confirmation_loaded', [4]);window['gf_submitting_4'] = false;wp.a11y.speak(jQuery('#gform_confirmation_message_4').text());}, 50);}else{jQuery('#gform_4').append(contents);if(window['gformRedirect']) {gformRedirect();}}jQuery(document).trigger('gform_post_render', [4, current_page]);} );} ); \n\/* ]]> *\/\n<\/script>\n[\/et_pb_text][\/et_pb_column][\/et_pb_row][\/et_pb_section]<\/p>\n","protected":false},"excerpt":{"rendered":"<p>Dificultad, disputa, fraude Respeto | Equidad | Compasi\u00f3nTodos nosotros en D&amp;A Services, LLC. comprender que cada persona tiene circunstancias \u00fanicas en torno a su vida. Nuestra intenci\u00f3n es ofrecer a los consumidores un proceso sencillo y transparente para hacer frente a las dificultades financieras o m\u00e9dicas, as\u00ed como a las preocupaciones relacionadas con las disputas [&hellip;]<\/p>\n","protected":false},"author":2,"featured_media":0,"parent":0,"menu_order":0,"comment_status":"closed","ping_status":"closed","template":"","meta":{"_et_pb_use_builder":"on","_et_pb_old_content":"","_et_gb_content_width":"","footnotes":""},"class_list":["post-2109","page","type-page","status-publish","hentry"],"_links":{"self":[{"href":"https:\/\/dnasllc.com\/es\/wp-json\/wp\/v2\/pages\/2109","targetHints":{"allow":["GET"]}}],"collection":[{"href":"https:\/\/dnasllc.com\/es\/wp-json\/wp\/v2\/pages"}],"about":[{"href":"https:\/\/dnasllc.com\/es\/wp-json\/wp\/v2\/types\/page"}],"author":[{"embeddable":true,"href":"https:\/\/dnasllc.com\/es\/wp-json\/wp\/v2\/users\/2"}],"replies":[{"embeddable":true,"href":"https:\/\/dnasllc.com\/es\/wp-json\/wp\/v2\/comments?post=2109"}],"version-history":[{"count":4,"href":"https:\/\/dnasllc.com\/es\/wp-json\/wp\/v2\/pages\/2109\/revisions"}],"predecessor-version":[{"id":2423,"href":"https:\/\/dnasllc.com\/es\/wp-json\/wp\/v2\/pages\/2109\/revisions\/2423"}],"wp:attachment":[{"href":"https:\/\/dnasllc.com\/es\/wp-json\/wp\/v2\/media?parent=2109"}],"curies":[{"name":"wp","href":"https:\/\/api.w.org\/{rel}","templated":true}]}}