{"id":2112,"date":"2025-10-01T00:00:25","date_gmt":"2025-10-01T05:00:25","guid":{"rendered":"https:\/\/dnasllc.com\/staging?page_id=2112"},"modified":"2023-07-20T14:57:01","modified_gmt":"2023-07-20T19:57:01","slug":"contacte-con","status":"publish","type":"page","link":"https:\/\/dnasllc.com\/es\/contacte-con\/","title":{"rendered":"Cont\u00e1ctenos"},"content":{"rendered":"<p>[et_pb_section fb_built=\u00bb1&#8243; _builder_version=\u00bb4.16&#8243; _module_preset=\u00bbdefault\u00bb background_color=\u00bbrgba(0,0,0,0.63)\u00bb background_color_gradient_direction=\u00bb257deg\u00bb background_color_gradient_start=\u00bbrgba(51,58,77,0.71)\u00bb background_color_gradient_end=\u00bb#333a4d\u00bb background_image=\u00bbhttps:\/\/dnasllc.com\/wp-content\/uploads\/2022\/01\/D-A-6.jpg\u00bb background_blend=\u00bbmultiply\u00bb custom_padding=\u00bb90px||90px||true|false\u00bb custom_css_main_element=\u00bbbackground-position-y:70%;\u00bb box_shadow_style=\u00bbpreset3&#8243; box_shadow_color=\u00bbrgba(81,81,81,0.19)\u00bb locked=\u00bboff\u00bb global_colors_info=\u00bb{}\u00bb][et_pb_row _builder_version=\u00bb4.16&#8243; _module_preset=\u00bbdefault\u00bb global_colors_info=\u00bb{}\u00bb][et_pb_column type=\u00bb4_4&#8243; _builder_version=\u00bb4.16&#8243; _module_preset=\u00bbdefault\u00bb global_colors_info=\u00bb{}\u00bb][et_pb_text _builder_version=\u00bb4.16&#8243; _module_preset=\u00bbdefault\u00bb text_text_color=\u00bb#000000&#8243; text_font_size=\u00bb19px\u00bb header_text_color=\u00bb#FFFFFF\u00bb header_font_size=\u00bb40px\u00bb custom_margin=\u00bb||11px|||\u00bb text_text_shadow_style=\u00bbpreset3&#8243; text_text_shadow_color=\u00bb#FFFFFF\u00bb header_text_shadow_style=\u00bbpreset1&#8243; header_text_shadow_vertical_length=\u00bb0.02em\u00bb header_text_shadow_blur_strength=\u00bb0.01em\u00bb header_text_shadow_color=\u00bb#000000&#8243; global_colors_info=\u00bb{}\u00bb]<\/p>\n<h1>Soluciones para las comunicaciones de los consumidores<\/h1>\n<p>[\/et_pb_text][et_pb_text _builder_version=\u00bb4.16&#8243; _module_preset=\u00bbdefault\u00bb text_font=\u00bb|300|||||||\u00bb background_color=\u00bbrgba(0,0,0,0.41)\u00bb background_layout=\u00bbdark\u00bb custom_margin=\u00bb||||false|false\u00bb custom_padding=\u00bb|5px||5px|false|false\u00bb custom_css_main_element=\u00bbdisplay:inline-block;\u00bb global_colors_info=\u00bb{}\u00bb]Soluciones profesionales de contacto con el consumidor para instituciones financieras y otros acreedores.[\/et_pb_text][dsm_button button_one_text=\u00bbRecursos para el consumidor\u00bb button_one_url=\u00bb@ET-DC@eyJkeW5hbWljIjp0cnVlLCJjb250ZW50IjoicG9zdF9saW5rX3VybF9wYWdlIiwic2V0dGluZ3MiOnsicG9zdF9pZCI6IjEwNzkifX0=@\u00bb button_two_text=\u00bbHacer un pago\u00bb button_two_url=\u00bbhttps:\/\/myaccount.dnasllc.com\/\u00bb button_two_url_new_window=\u00bbon\u00bb _builder_version=\u00bb4.16&#8243; _dynamic_attributes=\u00bbbutton_one_url\u00bb _module_preset=\u00bbdefault\u00bb custom_button_one=\u00bbon\u00bb button_one_text_size=\u00bb13px\u00bb button_one_text_color=\u00bb#FFFFFF\u00bb button_one_bg_color=\u00bbgcid-971e14de-a253-4d39-9c3c-7676c92f8ce8&#8243; button_one_border_width=\u00bb0px\u00bb button_one_border_color=\u00bbgcid-971e14de-a253-4d39-9c3c-7676c92f8ce8&#8243; button_one_border_radius=\u00bb0px\u00bb button_one_use_icon=\u00bboff\u00bb button_one_custom_padding=\u00bb5px||5px||false|false\u00bb custom_button_two=\u00bbon\u00bb button_two_text_size=\u00bb13px\u00bb button_two_text_color=\u00bb#FFFFFF\u00bb button_two_bg_color=\u00bbgcid-971e14de-a253-4d39-9c3c-7676c92f8ce8&#8243; button_two_border_width=\u00bb0px\u00bb button_two_border_color=\u00bbgcid-971e14de-a253-4d39-9c3c-7676c92f8ce8&#8243; button_two_border_radius=\u00bb0px\u00bb button_two_use_icon=\u00bboff\u00bb button_two_custom_padding=\u00bb5px||5px||false|false\u00bb box_shadow_style_button_one=\u00bbpreset2&#8243; box_shadow_horizontal_button_one=\u00bb1px\u00bb box_shadow_vertical_button_one=\u00bb0px\u00bb box_shadow_blur_button_one=\u00bb4px\u00bb box_shadow_style_button_two=\u00bbpreset2&#8243; box_shadow_horizontal_button_two=\u00bb1px\u00bb box_shadow_vertical_button_two=\u00bb0px\u00bb box_shadow_blur_button_two=\u00bb4px\u00bb global_colors_info=\u00bb{%22gcid-971e14de-a253-4d39-9c3c-7676c92f8ce8%22:%91%22button_bg_color%22,%22button_one_bg_color%22,%22button_one_border_color%22,%22button_bg_color%22,%22button_one_bg_color%22,%22button_one_border_color%22,%22button_two_bg_color%22,%22button_two_border_color%22%93}\u00bb button_one_text_color__hover=\u00bb#FFFFFF\u00bb button_one_text_color__hover_enabled=\u00bbon|hover\u00bb button_two_text_color__hover=\u00bb#FFFFFF\u00bb button_two_text_color__hover_enabled=\u00bbon|hover\u00bb][\/dsm_button][\/et_pb_column][\/et_pb_row][\/et_pb_section][et_pb_section fb_built=\u00bb1&#8243; _builder_version=\u00bb4.16&#8243; _module_preset=\u00bbdefault\u00bb custom_padding=\u00bb30px||2px|||\u00bb global_colors_info=\u00bb{}\u00bb][et_pb_row _builder_version=\u00bb4.16&#8243; _module_preset=\u00bbdefault\u00bb global_colors_info=\u00bb{}\u00bb][et_pb_column type=\u00bb4_4&#8243; _builder_version=\u00bb4.16&#8243; _module_preset=\u00bbdefault\u00bb global_colors_info=\u00bb{}\u00bb][et_pb_text _builder_version=\u00bb4.16&#8243; _module_preset=\u00bbdefault\u00bb custom_margin=\u00bb||23px|||\u00bb locked=\u00bboff\u00bb global_colors_info=\u00bb{}\u00bb]<\/p>\n<h2>P\u00f3ngase en contacto con nosotros para obtener m\u00e1s informaci\u00f3n<\/h2>\n<p>[\/et_pb_text][et_pb_blurb use_icon=\u00bbon\u00bb font_icon=\u00bb&#xf0c6;||fa||900&#8243; icon_color=\u00bbgcid-d12057be-6e8d-4b96-9900-e27ac5a37ef8&#8243; icon_placement=\u00bbleft\u00bb image_icon_width=\u00bb23px\u00bb content_max_width=\u00bb100%\u00bb _builder_version=\u00bb4.16&#8243; _dynamic_attributes=\u00bblink_option_url\u00bb _module_preset=\u00bbdefault\u00bb body_link_text_color=\u00bbgcid-3c57f051-3360-485b-9f0a-5676d0b22f1f\u00bb image_icon_custom_padding=\u00bb|||10px|false|false\u00bb custom_margin=\u00bb||8px|||\u00bb link_option_url=\u00bb@ET-DC@eyJkeW5hbWljIjp0cnVlLCJjb250ZW50IjoicG9zdF9saW5rX3VybF9wYWdlIiwic2V0dGluZ3MiOnsicG9zdF9pZCI6IjEwNzkifX0=@\u00bb global_colors_info=\u00bb{%22gcid-3c57f051-3360-485b-9f0a-5676d0b22f1f%22:%91%22body_link_text_color%22%93,%22gcid-d12057be-6e8d-4b96-9900-e27ac5a37ef8%22:%91%22icon_color%22%93}\u00bb]<a href=\"https:\/\/dnasllc.com\/es\/recursos-para-la-educacion-del-consumidor\/\">Recursos para la educaci\u00f3n del consumidor<\/a>[\/et_pb_blurb][et_pb_blurb use_icon=\u00bbon\u00bb font_icon=\u00bb&#xf0c6;||fa||900&#8243; icon_color=\u00bbgcid-d12057be-6e8d-4b96-9900-e27ac5a37ef8&#8243; icon_placement=\u00bbleft\u00bb image_icon_width=\u00bb23px\u00bb content_max_width=\u00bb100%\u00bb _builder_version=\u00bb4.16&#8243; _module_preset=\u00bbdefault\u00bb body_link_text_color=\u00bbgcid-3c57f051-3360-485b-9f0a-5676d0b22f1f\u00bb image_icon_custom_padding=\u00bb|||10px|false|false\u00bb custom_margin=\u00bb||8px|||\u00bb global_colors_info=\u00bb{%22gcid-3c57f051-3360-485b-9f0a-5676d0b22f1f%22:%91%22body_link_text_color%22,%22body_link_text_color%22%93,%22gcid-d12057be-6e8d-4b96-9900-e27ac5a37ef8%22:%91%22icon_color%22%93}\u00bb]<\/p>\n<p><a href=\"https:\/\/dnasllc.com\/payments\/\">Hacer un pago<\/a><\/p>\n<p>[\/et_pb_blurb][et_pb_blurb use_icon=\u00bbon\u00bb font_icon=\u00bb&#xf0c6;||fa||900&#8243; icon_color=\u00bbgcid-d12057be-6e8d-4b96-9900-e27ac5a37ef8&#8243; icon_placement=\u00bbleft\u00bb image_icon_width=\u00bb23px\u00bb content_max_width=\u00bb100%\u00bb _builder_version=\u00bb4.16&#8243; _module_preset=\u00bbdefault\u00bb body_link_text_color=\u00bbgcid-3c57f051-3360-485b-9f0a-5676d0b22f1f\u00bb image_icon_custom_padding=\u00bb|||10px|false|false\u00bb custom_margin=\u00bb||8px|||\u00bb global_colors_info=\u00bb{%22gcid-3c57f051-3360-485b-9f0a-5676d0b22f1f%22:%91%22body_link_text_color%22,%22body_link_text_color%22%93,%22gcid-d12057be-6e8d-4b96-9900-e27ac5a37ef8%22:%91%22icon_color%22%93}\u00bb]<\/p>\n<p><a href=\"https:\/\/dnasllc.com\/news\/\">Noticias de D&amp;A Services<\/a><\/p>\n<p>[\/et_pb_blurb][et_pb_blurb use_icon=\u00bbon\u00bb font_icon=\u00bb&#xf0c6;||fa||900&#8243; icon_color=\u00bbgcid-d12057be-6e8d-4b96-9900-e27ac5a37ef8&#8243; icon_placement=\u00bbleft\u00bb image_icon_width=\u00bb23px\u00bb content_max_width=\u00bb100%\u00bb _builder_version=\u00bb4.16&#8243; _module_preset=\u00bbdefault\u00bb body_link_text_color=\u00bbgcid-3c57f051-3360-485b-9f0a-5676d0b22f1f\u00bb image_icon_custom_padding=\u00bb|||10px|false|false\u00bb custom_margin=\u00bb||8px|||\u00bb global_colors_info=\u00bb{%22gcid-3c57f051-3360-485b-9f0a-5676d0b22f1f%22:%91%22body_link_text_color%22,%22body_link_text_color%22,%22body_link_text_color%22%93,%22gcid-d12057be-6e8d-4b96-9900-e27ac5a37ef8%22:%91%22icon_color%22%93}\u00bb]<\/p>\n<p><a href=\"https:\/\/dnasllc.com\/compliance-security\/\">Informaci\u00f3n sobre el cumplimiento<\/a><\/p>\n<p>[\/et_pb_blurb][\/et_pb_column][\/et_pb_row][\/et_pb_section][et_pb_section fb_built=\u00bb1&#8243; specialty=\u00bbon\u00bb _builder_version=\u00bb4.16&#8243; _module_preset=\u00bbdefault\u00bb custom_padding=\u00bb1px|||||\u00bb global_colors_info=\u00bb{}\u00bb][et_pb_column type=\u00bb2_3&#8243; specialty_columns=\u00bb2&#8243; _builder_version=\u00bb4.16&#8243; custom_padding=\u00bb|||\u00bb global_colors_info=\u00bb{}\u00bb custom_padding__hover=\u00bb|||\u00bb][et_pb_row_inner _builder_version=\u00bb4.16&#8243; _module_preset=\u00bbdefault\u00bb locked=\u00bboff\u00bb global_colors_info=\u00bb{}\u00bb][et_pb_column_inner saved_specialty_column_type=\u00bb2_3&#8243; _builder_version=\u00bb4.16&#8243; _module_preset=\u00bbdefault\u00bb global_colors_info=\u00bb{}\u00bb][et_pb_text _builder_version=\u00bb4.16&#8243; _module_preset=\u00bbdefault\u00bb global_colors_info=\u00bb{}\u00bb]<\/p>\n<h2>Soluciones de contacto con el consumidor de D&amp;A Services<\/h2>\n<p>[\/et_pb_text][\/et_pb_column_inner][\/et_pb_row_inner][et_pb_row_inner column_structure=\u00bb1_2,1_2&#8243; _builder_version=\u00bb4.16&#8243; _module_preset=\u00bbdefault\u00bb locked=\u00bboff\u00bb global_colors_info=\u00bb{}\u00bb][et_pb_column_inner type=\u00bb1_2&#8243; saved_specialty_column_type=\u00bb2_3&#8243; _builder_version=\u00bb4.16&#8243; _module_preset=\u00bbdefault\u00bb global_colors_info=\u00bb{}\u00bb][et_pb_text _builder_version=\u00bb4.16&#8243; _module_preset=\u00bbdefault\u00bb text_font=\u00bb||||||||\u00bb text_line_height=\u00bb1.2em\u00bb global_colors_info=\u00bb{}\u00bb]<\/p>\n<h3>Headquarters (Des Plaines, IL)<\/h3>\n<p>1400 E. Touhy Ave. Suite G2<br \/>Des Plaines, IL 60018<br \/>Toll Free: <a href=\"tel:8773144308\">877-314-4308<\/a><br \/>Division Manager: Jeff Curtin<\/p>\n<p>[\/et_pb_text][\/et_pb_column_inner][et_pb_column_inner type=\u00bb1_2&#8243; saved_specialty_column_type=\u00bb2_3&#8243; _builder_version=\u00bb4.16&#8243; _module_preset=\u00bbdefault\u00bb global_colors_info=\u00bb{}\u00bb][et_pb_code _builder_version=\u00bb4.16&#8243; _module_preset=\u00bbdefault\u00bb max_width=\u00bb400px\u00bb module_alignment=\u00bbcenter\u00bb max_height=\u00bb250px\u00bb custom_margin=\u00bb||||false|false\u00bb custom_padding=\u00bb||||false|false\u00bb global_colors_info=\u00bb{}\u00bb]<iframe loading=\"lazy\" src=\"https:\/\/maps.google.com\/maps?f=q&amp;source=s_q&amp;hl=en&amp;geocode=&amp;q=1400+east+touhy+avenue+des+plaines+IL,+USA&amp;output=embed\" width=\"350\" height=\"200\" frameborder=\"0\" marginwidth=\"0\" marginheight=\"0\" scrolling=\"no\"><\/iframe>[\/et_pb_code][\/et_pb_column_inner][\/et_pb_row_inner][et_pb_row_inner column_structure=\u00bb1_2,1_2&#8243; _builder_version=\u00bb4.16&#8243; _module_preset=\u00bbdefault\u00bb locked=\u00bboff\u00bb global_colors_info=\u00bb{}\u00bb][et_pb_column_inner type=\u00bb1_2&#8243; saved_specialty_column_type=\u00bb2_3&#8243; _builder_version=\u00bb4.16&#8243; _module_preset=\u00bbdefault\u00bb global_colors_info=\u00bb{}\u00bb][et_pb_text _builder_version=\u00bb4.16&#8243; _module_preset=\u00bbdefault\u00bb text_line_height=\u00bb1.2em\u00bb locked=\u00bboff\u00bb global_colors_info=\u00bb{}\u00bb]<\/p>\n<h3>Sat\u00e9lite (Houston, TX)<\/h3>\n<p>11111 Wilcrest Green Dr. Suite 225<br \/>Houston TX, 77042<br \/>Llamada gratuita <a href=\"tel:8552700852\">855-270-0852<\/a><br \/>Gerente: William Hern\u00e1ndez<\/p>\n<p>[\/et_pb_text][\/et_pb_column_inner][et_pb_column_inner type=\u00bb1_2&#8243; saved_specialty_column_type=\u00bb2_3&#8243; _builder_version=\u00bb4.16&#8243; _module_preset=\u00bbdefault\u00bb global_colors_info=\u00bb{}\u00bb][et_pb_code _builder_version=\u00bb4.16&#8243; _module_preset=\u00bbdefault\u00bb max_width=\u00bb400px\u00bb module_alignment=\u00bbcenter\u00bb max_height=\u00bb250px\u00bb custom_margin=\u00bb||||false|false\u00bb custom_padding=\u00bb||||false|false\u00bb global_colors_info=\u00bb{}\u00bb]<iframe loading=\"lazy\" src=\"https:\/\/www.google.com\/maps\/embed?pb=!1m18!1m12!1m3!1d3464.893264731556!2d-95.57007514947905!3d29.722850881912223!2m3!1f0!2f0!3f0!3m2!1i1024!2i768!4f13.1!3m3!1m2!1s0x8640dcd6a2a240cb%3A0x7727fbf499eaccdf!2s11111%20Wilcrest%20Green%20Dr%2C%20Houston%2C%20TX%2077042!5e0!3m2!1sen!2sus!4v1634665758751!5m2!1sen!2sus\" width=\"350\" height=\"200\" frameborder=\"0\" marginwidth=\"0\" marginheight=\"0\" scrolling=\"no\"><\/iframe>[\/et_pb_code][\/et_pb_column_inner][\/et_pb_row_inner][et_pb_row_inner column_structure=\u00bb1_2,1_2&#8243; _builder_version=\u00bb4.16&#8243; _module_preset=\u00bbdefault\u00bb locked=\u00bboff\u00bb global_colors_info=\u00bb{}\u00bb][et_pb_column_inner type=\u00bb1_2&#8243; saved_specialty_column_type=\u00bb2_3&#8243; _builder_version=\u00bb4.16&#8243; _module_preset=\u00bbdefault\u00bb global_colors_info=\u00bb{}\u00bb][et_pb_text _builder_version=\u00bb4.16&#8243; _module_preset=\u00bbdefault\u00bb text_line_height=\u00bb1.2em\u00bb locked=\u00bboff\u00bb global_colors_info=\u00bb{}\u00bb]<\/p>\n<h3>Sat\u00e9lite (San Petersburgo, FL)<\/h3>\n<p>570 Carillon Parkway, Suite 103<br \/>San Petersburgo, FL 33716<br \/>Llamada gratuita: <a href=\"tel:800-208-0925\">800-208-0925<\/a><br \/>Director de la Divisi\u00f3n: Jon Sheehan<\/p>\n<p>[\/et_pb_text][\/et_pb_column_inner][et_pb_column_inner type=\u00bb1_2&#8243; saved_specialty_column_type=\u00bb2_3&#8243; _builder_version=\u00bb4.16&#8243; _module_preset=\u00bbdefault\u00bb global_colors_info=\u00bb{}\u00bb][et_pb_code _builder_version=\u00bb4.16&#8243; _module_preset=\u00bbdefault\u00bb max_width=\u00bb400px\u00bb module_alignment=\u00bbcenter\u00bb max_height=\u00bb250px\u00bb custom_margin=\u00bb||||false|false\u00bb custom_padding=\u00bb||||false|false\u00bb global_colors_info=\u00bb{}\u00bb]<iframe loading=\"lazy\" src=\"https:\/\/www.google.com\/maps\/embed?pb=!1m18!1m12!1m3!1d3526.4743845876455!2d-82.66628954952361!3d27.887412182632858!2m3!1f0!2f0!3f0!3m2!1i1024!2i768!4f13.1!3m3!1m2!1s0x88c2e5c404124b93%3A0x527b77d6c3f6f87d!2s570%20Carillon%20Pkwy%2C%20St.%20Petersburg%2C%20FL%2033716!5e0!3m2!1sen!2sus!4v1634665832471!5m2!1sen!2sus\" width=\"350\" height=\"200\" frameborder=\"0\" marginwidth=\"0\" marginheight=\"0\" scrolling=\"no\"><\/iframe>[\/et_pb_code][\/et_pb_column_inner][\/et_pb_row_inner][\/et_pb_column][et_pb_column type=\u00bb1_3&#8243; _builder_version=\u00bb4.16&#8243; custom_padding=\u00bb|||\u00bb global_colors_info=\u00bb{}\u00bb custom_padding__hover=\u00bb|||\u00bb][et_pb_text _builder_version=\u00bb4.16&#8243; _module_preset=\u00bbdefault\u00bb text_line_height=\u00bb1.2em\u00bb link_font=\u00bb||||||||\u00bb locked=\u00bboff\u00bb global_colors_info=\u00bb{}\u00bb]<\/p>\n<p><strong>Collections<\/strong><br \/><a href=\"tel:7739021130\">773-902-1130<\/a><\/p>\n<p><strong>Sales Contact<\/strong><br \/><a href=\"tel:3128542567\">312-854-2567<\/a><\/p>\n<p><strong>Sales Email<\/strong><br \/><a href=\"mailto:gneely@dnasllc.com\">gneely@dnasllc.com<\/a><\/p>\n<p><strong>Complaint Resolution<\/strong><br \/><a href=\"mailto:qa@dnasllc.com\">QA@dnasllc.com<\/a><\/p>\n<p><strong>Hours of Operation<\/strong><br \/>8am to 6pm CST Monday &#8211; Thursday<br \/>8am &#8211; 5pm CST Friday<\/p>\n<p>[\/et_pb_text][\/et_pb_column][\/et_pb_section]<\/p>\n","protected":false},"excerpt":{"rendered":"<p>Soluciones para las comunicaciones de los consumidoresSoluciones profesionales de contacto con el consumidor para instituciones financieras y otros acreedores.<div class=\"et_pb_module dsm_button dsm_button_0 et_pb_bg_layout_light\">\n\t\t\t\t\n\t\t\t\t\n\t\t\t\t\n\t\t\t\t\n\t\t\t\t\n\t\t\t\t\n\t\t\t\t<div class=\"et_pb_module_inner\">\n\t\t\t\t\t<div class=\"et_pb_button_module_wrappers dsm_button_0_wrapper  et_pb_module\">\n\t\t\t\t<a class=\"et_pb_button et_pb_button_one et_pb_bg_layout_light dsm-none \"  href=\"http:\/\/\u00bb\u00bb\" data-dsm-lightbox-id=\"dsm_button_one_lightbox dsm_button_0\">\u00bbRecursos<\/a><a class=\"et_pb_button et_pb_button_two et_pb_bg_layout_light dsm-none \"  href=\"\" data-dsm-lightbox-id=\"dsm_button_two_lightbox dsm_button_0\">\u00bbHacer<\/a>\n\t\t\t<\/div>\n\t\t\t\t<\/div>\n\t\t\t<\/div><\/p>\n","protected":false},"author":2,"featured_media":0,"parent":0,"menu_order":0,"comment_status":"closed","ping_status":"closed","template":"","meta":{"_et_pb_use_builder":"on","_et_pb_old_content":"","_et_gb_content_width":"","footnotes":""},"class_list":["post-2112","page","type-page","status-publish","hentry"],"_links":{"self":[{"href":"https:\/\/dnasllc.com\/es\/wp-json\/wp\/v2\/pages\/2112","targetHints":{"allow":["GET"]}}],"collection":[{"href":"https:\/\/dnasllc.com\/es\/wp-json\/wp\/v2\/pages"}],"about":[{"href":"https:\/\/dnasllc.com\/es\/wp-json\/wp\/v2\/types\/page"}],"author":[{"embeddable":true,"href":"https:\/\/dnasllc.com\/es\/wp-json\/wp\/v2\/users\/2"}],"replies":[{"embeddable":true,"href":"https:\/\/dnasllc.com\/es\/wp-json\/wp\/v2\/comments?post=2112"}],"version-history":[{"count":20,"href":"https:\/\/dnasllc.com\/es\/wp-json\/wp\/v2\/pages\/2112\/revisions"}],"predecessor-version":[{"id":2412,"href":"https:\/\/dnasllc.com\/es\/wp-json\/wp\/v2\/pages\/2112\/revisions\/2412"}],"wp:attachment":[{"href":"https:\/\/dnasllc.com\/es\/wp-json\/wp\/v2\/media?parent=2112"}],"curies":[{"name":"wp","href":"https:\/\/api.w.org\/{rel}","templated":true}]}}