{"id":2120,"date":"2022-01-20T06:40:04","date_gmt":"2022-01-20T12:40:04","guid":{"rendered":"https:\/\/dnasllc.com\/staging?page_id=2120"},"modified":"2022-10-21T10:23:09","modified_gmt":"2022-10-21T15:23:09","slug":"recursos-para-la-educacion-del-consumidor","status":"publish","type":"page","link":"https:\/\/dnasllc.com\/es\/recursos-para-la-educacion-del-consumidor\/","title":{"rendered":"Recursos para la educaci\u00f3n del consumidor"},"content":{"rendered":"<p>[et_pb_section fb_built=\u00bb1&#8243; _builder_version=\u00bb4.16&#8243; _module_preset=\u00bbdefault\u00bb background_color=\u00bbrgba(0,0,0,0.67)\u00bb background_image=\u00bbhttps:\/\/dnasllc.com\/wp-content\/uploads\/2022\/01\/D-A-7.jpg\u00bb background_blend=\u00bboverlay\u00bb custom_padding=\u00bb124px||105px|||\u00bb global_colors_info=\u00bb{}\u00bb][et_pb_row _builder_version=\u00bb4.16&#8243; _module_preset=\u00bbdefault\u00bb global_colors_info=\u00bb{}\u00bb][et_pb_column type=\u00bb4_4&#8243; _builder_version=\u00bb4.16&#8243; _module_preset=\u00bbdefault\u00bb global_colors_info=\u00bb{}\u00bb][et_pb_text _builder_version=\u00bb4.16&#8243; _module_preset=\u00bbdefault\u00bb header_text_color=\u00bb#FFFFFF\u00bb header_line_height=\u00bb1.3em\u00bb header_2_text_color=\u00bbgcid-d12057be-6e8d-4b96-9900-e27ac5a37ef8&#8243; header_2_line_height=\u00bb1.4em\u00bb global_colors_info=\u00bb{%22gcid-d12057be-6e8d-4b96-9900-e27ac5a37ef8%22:%91%22header_2_text_color%22%93}\u00bb]<\/p>\n<h1>Recursos para la educaci\u00f3n del consumidor<\/h1>\n<h2>Recursos de educaci\u00f3n financiera para los consumidores<\/h2>\n<p>[\/et_pb_text][\/et_pb_column][\/et_pb_row][\/et_pb_section][et_pb_section fb_built=\u00bb1&#8243; _builder_version=\u00bb4.16&#8243; _module_preset=\u00bbdefault\u00bb custom_padding=\u00bb0px|||||\u00bb global_colors_info=\u00bb{}\u00bb][et_pb_row _builder_version=\u00bb4.16&#8243; _module_preset=\u00bbdefault\u00bb global_colors_info=\u00bb{}\u00bb][et_pb_column type=\u00bb4_4&#8243; _builder_version=\u00bb4.16&#8243; _module_preset=\u00bbdefault\u00bb global_colors_info=\u00bb{}\u00bb][et_pb_text _builder_version=\u00bb4.16&#8243; _module_preset=\u00bbdefault\u00bb global_colors_info=\u00bb{}\u00bb]D&amp;A Services se preocupa por los consumidores y nos comprometemos a proporcionarles una experiencia positiva. Como parte de nuestro compromiso con los consumidores, hemos recopilado estos recursos de educaci\u00f3n financiera para una mejor comprensi\u00f3n de c\u00f3mo los consumidores pueden mejorar su futuro financiero.[\/et_pb_text][et_pb_blurb title=\u00bb\u00bfC\u00f3mo puedo pagar mi cuenta?\u00bb url=\u00bbhttps:\/\/myaccount.dnasllc.com\/\u00bb url_new_window=\u00bbon\u00bb use_icon=\u00bbon\u00bb font_icon=\u00bb&#xf059;||fa||400&#8243; icon_color=\u00bbgcid-d12057be-6e8d-4b96-9900-e27ac5a37ef8&#8243; icon_placement=\u00bbleft\u00bb content_max_width=\u00bb100%\u00bb disabled_on=\u00bbon|on|on\u00bb _builder_version=\u00bb4.16&#8243; _module_preset=\u00bbdefault\u00bb header_font=\u00bb||||on||||\u00bb header_text_color=\u00bbgcid-26f2c64f-360e-4b5f-a7a9-ecce70eccc94&#8243; disabled=\u00bbon\u00bb global_colors_info=\u00bb{%22gcid-d12057be-6e8d-4b96-9900-e27ac5a37ef8%22:%91%22icon_color%22%93,%22gcid-26f2c64f-360e-4b5f-a7a9-ecce70eccc94%22:%91%22header_text_color%22%93}\u00bb]<\/p>\n<p>D&amp;A Services acepta los pagos de diversas maneras. Visite nuestra p\u00e1gina \u00ab<span style=\"text-decoration: underline;\"><br \/>\n  <a href=\"\/payments\/\">Pagos<\/a><br \/>\n<\/span>\u00bb para obtener m\u00e1s informaci\u00f3n sobre las opciones de pago disponibles.<\/p>\n<p>[\/et_pb_blurb][et_pb_blurb title=\u00bbKarma de cr\u00e9dito\u00bb url=\u00bbhttps:\/\/creditkarma.com\u00bb url_new_window=\u00bbon\u00bb use_icon=\u00bbon\u00bb font_icon=\u00bb&#xe014;||divi||400&#8243; icon_color=\u00bbgcid-d12057be-6e8d-4b96-9900-e27ac5a37ef8&#8243; icon_placement=\u00bbleft\u00bb content_max_width=\u00bb100%\u00bb _builder_version=\u00bb4.16&#8243; _module_preset=\u00bbdefault\u00bb header_font=\u00bb||||||||\u00bb header_text_color=\u00bbgcid-26f2c64f-360e-4b5f-a7a9-ecce70eccc94&#8243; global_colors_info=\u00bb{%22gcid-d12057be-6e8d-4b96-9900-e27ac5a37ef8%22:%91%22icon_color%22%93,%22gcid-26f2c64f-360e-4b5f-a7a9-ecce70eccc94%22:%91%22header_text_color%22%93}\u00bb]<\/p>\n<p>Credit Karma es una organizaci\u00f3n que ofrece a los consumidores acceso gratuito a sus informes de cr\u00e9dito, adem\u00e1s de herramientas de supervisi\u00f3n y mejora del cr\u00e9dito. Estos servicios ayudan a los consumidores a entender qu\u00e9 pueden hacer para mejorar su calificaci\u00f3n crediticia. D&amp;A no recibe ninguna compensaci\u00f3n por incluir este sitio y proporcionarlo no constituye un respaldo a sus servicios.<\/p>\n<p>[\/et_pb_blurb][et_pb_blurb title=\u00bbMint.com\u00bb url=\u00bbhttps:\/\/mint.com\u00bb url_new_window=\u00bbon\u00bb use_icon=\u00bbon\u00bb font_icon=\u00bb&#xe100;||divi||400&#8243; icon_color=\u00bbgcid-d12057be-6e8d-4b96-9900-e27ac5a37ef8&#8243; icon_placement=\u00bbleft\u00bb content_max_width=\u00bb100%\u00bb _builder_version=\u00bb4.16&#8243; _module_preset=\u00bbdefault\u00bb header_font=\u00bb||||||||\u00bb header_text_color=\u00bbgcid-26f2c64f-360e-4b5f-a7a9-ecce70eccc94&#8243; global_colors_info=\u00bb{%22gcid-d12057be-6e8d-4b96-9900-e27ac5a37ef8%22:%91%22icon_color%22%93,%22gcid-26f2c64f-360e-4b5f-a7a9-ecce70eccc94%22:%91%22header_text_color%22%93}\u00bb]<\/p>\n<p>Mint.com, un servicio de software de finanzas personales en l\u00ednea de Intuit, que proporciona a m\u00e1s de 3 millones de usuarios una manera fresca, f\u00e1cil e inteligente de gestionar su dinero. D&amp;A no recibe ninguna compensaci\u00f3n por incluir este sitio y proporcionarlo no constituye un respaldo a sus servicios.<\/p>\n<p>[\/et_pb_blurb][et_pb_blurb title=\u00bbMyMoney\u00bb url=\u00bbhttps:\/\/www.mymoney.gov\u00bb url_new_window=\u00bbon\u00bb use_icon=\u00bbon\u00bb font_icon=\u00bb&#xe0ed;||divi||400&#8243; icon_color=\u00bbgcid-d12057be-6e8d-4b96-9900-e27ac5a37ef8&#8243; icon_placement=\u00bbleft\u00bb content_max_width=\u00bb100%\u00bb _builder_version=\u00bb4.16&#8243; _module_preset=\u00bbdefault\u00bb header_font=\u00bb||||||||\u00bb header_text_color=\u00bbgcid-26f2c64f-360e-4b5f-a7a9-ecce70eccc94&#8243; global_colors_info=\u00bb{%22gcid-d12057be-6e8d-4b96-9900-e27ac5a37ef8%22:%91%22icon_color%22%93,%22gcid-26f2c64f-360e-4b5f-a7a9-ecce70eccc94%22:%91%22header_text_color%22%93}\u00bb]<\/p>\n<p>Un recurso proporcionado por el gobierno de Estados Unidos con informaci\u00f3n educativa sobre finanzas personales y cr\u00e9dito. Esta herramienta ofrece informaci\u00f3n sobre diversos productos de financiaci\u00f3n al consumo.<\/p>\n<p>[\/et_pb_blurb][et_pb_blurb title=\u00bbAsociaci\u00f3n Internacional de Gesti\u00f3n de Cuentas por Cobrar (RMAI) &#8211; Recursos para el consumidor\u00bb url=\u00bbhttps:\/\/rmaintl.org\/consumers\/\u00bb url_new_window=\u00bbon\u00bb use_icon=\u00bbon\u00bb font_icon=\u00bb&#xf51e;||fa||900&#8243; icon_color=\u00bbgcid-d12057be-6e8d-4b96-9900-e27ac5a37ef8&#8243; icon_placement=\u00bbleft\u00bb content_max_width=\u00bb100%\u00bb _builder_version=\u00bb4.16&#8243; _module_preset=\u00bbdefault\u00bb header_font=\u00bb||||||||\u00bb header_text_color=\u00bbgcid-26f2c64f-360e-4b5f-a7a9-ecce70eccc94&#8243; global_colors_info=\u00bb{%22gcid-d12057be-6e8d-4b96-9900-e27ac5a37ef8%22:%91%22icon_color%22%93,%22gcid-26f2c64f-360e-4b5f-a7a9-ecce70eccc94%22:%91%22header_text_color%22%93}\u00bb]<\/p>\n<p><span>Un recurso proporcionado por RMAI, ofrece informaci\u00f3n y herramientas para ayudarle a tomar decisiones financieras informadas y a tomar el control de sus finanzas. Tambi\u00e9n ofrece una defensa contra el fraude y el enga\u00f1o.<\/span><\/p>\n<p><span>N\u00ba de certificaci\u00f3n RMAI: C2202-1163<\/span><br \/><span>Certificaci\u00f3n CRCP n\u00ba: P2002-1345<\/span><br \/><span>Certificado desde: 2019<\/span><br \/><span>CCO: Jeff Hasenmiller, CRCP<\/span><br \/><span>Ubicaci\u00f3n: 1400 E. Touhy Suite G2, Des Plaines, IL 60018<\/span><\/p>\n<p>[\/et_pb_blurb][et_pb_text _builder_version=\u00bb4.18.0&#8243; _module_preset=\u00bbdefault\u00bb hover_enabled=\u00bb0&#8243; global_colors_info=\u00bb{}\u00bb sticky_enabled=\u00bb0&#8243;]<\/p>\n<h4>Informaci\u00f3n importante para el consumidor del Estado:<\/h4>\n<p>La(s) divulgaci\u00f3n(es) contenida(s) en este <span style=\"text-decoration: underline;\"> <strong> <a href=\"https:\/\/myaccount.dnasllc.com\/stateDisclosures\/es\" target=\"_blank\" rel=\"noopener\">enlace<\/a><\/strong><\/span> s\u00f3lo se aplican a usted, el consumidor, si reside en el respectivo Estado\/Ciudad indicado.<\/p>\n<h4>Avisos de pol\u00edtica de privacidad:<\/h4>\n<p>La(s) divulgaci\u00f3n(es) contenida(s) en este <a href=\"https:\/\/myaccount.dnasllc.com\/privacyPolicy\/es\" target=\"_blank\" rel=\"noopener\"> <span style=\"text-decoration: underline;\"> <strong>enlace<\/strong><\/span><\/a>\u00a0contienen la pol\u00edtica general de privacidad de D&amp;A Services. La(s) divulgaci\u00f3n(es) contenida(s) en este <a href=\"https:\/\/myaccount.dnasllc.com\/CaliforniaPrivacyPolicy\/es\" target=\"_blank\" rel=\"noopener\"><span style=\"text-decoration: underline;\"> <strong>enlace<\/strong><\/span><\/a> contienen la pol\u00edtica de privacidad de D&amp;A Services para el Estado de California.[\/et_pb_text][\/et_pb_column][\/et_pb_row][\/et_pb_section]<\/p>\n","protected":false},"excerpt":{"rendered":"<p>Recursos para la educaci\u00f3n del consumidor Recursos de educaci\u00f3n financiera para los consumidoresD&amp;A Services se preocupa por los consumidores y nos comprometemos a proporcionarles una experiencia positiva. Como parte de nuestro compromiso con los consumidores, hemos recopilado estos recursos de educaci\u00f3n financiera para una mejor comprensi\u00f3n de c\u00f3mo los consumidores pueden mejorar su futuro financiero.D&amp;A [&hellip;]<\/p>\n","protected":false},"author":2,"featured_media":0,"parent":0,"menu_order":0,"comment_status":"closed","ping_status":"closed","template":"","meta":{"_et_pb_use_builder":"on","_et_pb_old_content":"","_et_gb_content_width":"","footnotes":""},"class_list":["post-2120","page","type-page","status-publish","hentry"],"_links":{"self":[{"href":"https:\/\/dnasllc.com\/es\/wp-json\/wp\/v2\/pages\/2120","targetHints":{"allow":["GET"]}}],"collection":[{"href":"https:\/\/dnasllc.com\/es\/wp-json\/wp\/v2\/pages"}],"about":[{"href":"https:\/\/dnasllc.com\/es\/wp-json\/wp\/v2\/types\/page"}],"author":[{"embeddable":true,"href":"https:\/\/dnasllc.com\/es\/wp-json\/wp\/v2\/users\/2"}],"replies":[{"embeddable":true,"href":"https:\/\/dnasllc.com\/es\/wp-json\/wp\/v2\/comments?post=2120"}],"version-history":[{"count":8,"href":"https:\/\/dnasllc.com\/es\/wp-json\/wp\/v2\/pages\/2120\/revisions"}],"predecessor-version":[{"id":2280,"href":"https:\/\/dnasllc.com\/es\/wp-json\/wp\/v2\/pages\/2120\/revisions\/2280"}],"wp:attachment":[{"href":"https:\/\/dnasllc.com\/es\/wp-json\/wp\/v2\/media?parent=2120"}],"curies":[{"name":"wp","href":"https:\/\/api.w.org\/{rel}","templated":true}]}}