{"id":2122,"date":"2021-08-12T11:25:34","date_gmt":"2021-08-12T16:25:34","guid":{"rendered":"https:\/\/dnasllc.com\/staging?page_id=2122"},"modified":"2022-10-22T12:09:42","modified_gmt":"2022-10-22T17:09:42","slug":"inicio","status":"publish","type":"page","link":"https:\/\/dnasllc.com\/es\/","title":{"rendered":"Inicio"},"content":{"rendered":"<p>[et_pb_section fb_built=\u00bb1&#8243; _builder_version=\u00bb4.17.4&#8243; _module_preset=\u00bbdefault\u00bb background_color=\u00bbrgba(0,0,0,0.63)\u00bb background_color_gradient_direction=\u00bb257deg\u00bb background_color_gradient_start=\u00bbrgba(51,58,77,0.71)\u00bb background_color_gradient_end=\u00bb#333a4d\u00bb background_image=\u00bbhttp:\/\/dnasllc.com\/wp-content\/uploads\/2022\/07\/D-A-5.webp\u00bb background_position=\u00bbtop_center\u00bb background_blend=\u00bbmultiply\u00bb z_index=\u00bb1&#8243; custom_margin=\u00bb||-270px||false|false\u00bb custom_padding=\u00bb72px||190px||false|false\u00bb custom_css_main_element=\u00bbbackground-position-y:70%;\u00bb box_shadow_style=\u00bbpreset3&#8243; box_shadow_color=\u00bbrgba(81,81,81,0.19)\u00bb locked=\u00bboff\u00bb global_colors_info=\u00bb{}\u00bb][et_pb_row _builder_version=\u00bb4.16&#8243; _module_preset=\u00bbdefault\u00bb global_colors_info=\u00bb{}\u00bb][et_pb_column type=\u00bb4_4&#8243; _builder_version=\u00bb4.16&#8243; _module_preset=\u00bbdefault\u00bb global_colors_info=\u00bb{}\u00bb][et_pb_text _builder_version=\u00bb4.16&#8243; _module_preset=\u00bbdefault\u00bb text_font_size=\u00bb22px\u00bb text_line_height=\u00bb1.4em\u00bb background_color=\u00bbrgba(10,10,10,0.53)\u00bb background_layout=\u00bbdark\u00bb max_width=\u00bb750px\u00bb custom_margin=\u00bb||||false|false\u00bb custom_padding=\u00bb15px|15px|15px|15px|false|false\u00bb global_colors_info=\u00bb{}\u00bb]<span style=\"font-weight: 400;\">D&amp;A Services se preocupa por los consumidores y nos comprometemos a proporcionarles una experiencia positiva. Como parte de nuestro compromiso con los consumidores, haga clic en el siguiente enlace para acceder a algunos recursos de educaci\u00f3n financiera que hemos recopilado para proporcionar una mejor comprensi\u00f3n de c\u00f3mo los consumidores pueden mejorar su futuro financiero.<br \/>\n<\/span>[\/et_pb_text][et_pb_button button_url=\u00bb@ET-DC@eyJkeW5hbWljIjp0cnVlLCJjb250ZW50IjoicG9zdF9saW5rX3VybF9wYWdlIiwic2V0dGluZ3MiOnsicG9zdF9pZCI6IjMzOSJ9fQ==@\u00bb button_text=\u00bbCont\u00e1ctenos\u00bb _builder_version=\u00bb4.18.0&#8243; _dynamic_attributes=\u00bbbutton_url\u00bb _module_preset=\u00bbdefault\u00bb custom_button=\u00bbon\u00bb button_bg_color=\u00bbgcid-971e14de-a253-4d39-9c3c-7676c92f8ce8&#8243; button_border_color=\u00bbgcid-971e14de-a253-4d39-9c3c-7676c92f8ce8&#8243; button_use_icon=\u00bboff\u00bb global_colors_info=\u00bb{%22gcid-d12057be-6e8d-4b96-9900-e27ac5a37ef8%22:%91%22button_border_color__hover%22,%22button_bg_color__hover%22%93,%22gcid-971e14de-a253-4d39-9c3c-7676c92f8ce8%22:%91%22button_bg_color%22,%22button_border_color%22%93}\u00bb button_border_color__hover_enabled=\u00bbon|hover\u00bb button_border_color__hover=\u00bb#d99347&#8243; button_bg_color__hover_enabled=\u00bbon|hover\u00bb button_bg_color__hover=\u00bb#d99347&#8243; button_bg_enable_color__hover=\u00bbon\u00bb button_text_color__hover_enabled=\u00bbon|hover\u00bb button_text_color__hover=\u00bb#FFFFFF\u00bb][\/et_pb_button][\/et_pb_column][\/et_pb_row][\/et_pb_section][et_pb_section fb_built=\u00bb1&#8243; _builder_version=\u00bb4.16&#8243; _module_preset=\u00bbdefault\u00bb custom_padding=\u00bb||2px|||\u00bb global_colors_info=\u00bb{}\u00bb][et_pb_row column_structure=\u00bb3_5,2_5&#8243; _builder_version=\u00bb4.16&#8243; _module_preset=\u00bbdefault\u00bb z_index=\u00bb2&#8243; custom_margin=\u00bb||||false|false\u00bb custom_padding=\u00bb0px||3px||false|false\u00bb global_colors_info=\u00bb{}\u00bb][et_pb_column type=\u00bb3_5&#8243; _builder_version=\u00bb4.16&#8243; _module_preset=\u00bbdefault\u00bb custom_padding=\u00bb260px||||false|false\u00bb global_colors_info=\u00bb{}\u00bb][et_pb_icon font_icon=\u00bb&#xf19c;||fa||900&#8243; icon_color=\u00bbgcid-d12057be-6e8d-4b96-9900-e27ac5a37ef8&#8243; icon_width=\u00bb32px\u00bb align=\u00bbleft\u00bb _builder_version=\u00bb4.17.4&#8243; _module_preset=\u00bbdefault\u00bb custom_margin=\u00bb|||65px|false|false\u00bb custom_css_before=\u00bbposition:absolute;||height:1px;||width:50px;||background:#d99347;||top:17.5px;||left:68px;||transform: translate(-50%, -50%);||-ms-transform: translate(-50%, -50%);||content:%22%22;||\u00bb custom_css_after=\u00bbposition:absolute;||height:1px;||width:50px;||background:#d99347;||top:17.5px;||left:-35px;||transform: translate(-50%, -50%);||-ms-transform: translate(-50%, -50%);||content:%22%22;||\u00bb global_colors_info=\u00bb{%22gcid-d12057be-6e8d-4b96-9900-e27ac5a37ef8%22:%91%22icon_color%22%93}\u00bb][\/et_pb_icon][et_pb_text _builder_version=\u00bb4.16&#8243; _module_preset=\u00bbdefault\u00bb text_font_size=\u00bb18px\u00bb text_line_height=\u00bb1.5em\u00bb header_2_text_color=\u00bbgcid-d12057be-6e8d-4b96-9900-e27ac5a37ef8&#8243; header_2_font_size=\u00bb36px\u00bb header_2_line_height=\u00bb1.4em\u00bb global_colors_info=\u00bb{%22gcid-d12057be-6e8d-4b96-9900-e27ac5a37ef8%22:%91%22header_2_text_color%22%93}\u00bb]<\/p>\n<h2>Nos gustar\u00eda ayudar<\/h2>\n<p><strong>D&amp;A Services, LLC. (\u00abD&amp;A\u00bb), as\u00ed como sus clientes, est\u00e1n comprometidos con un trato profesional y honesto con todos los consumidores.<\/strong><\/p>\n<p><span style=\"font-weight: 400;\">Nos esforzamos por ofrecer una interacci\u00f3n cort\u00e9s y profesional en todo momento. Entendemos que la situaci\u00f3n de cada consumidor es \u00fanica y haremos todo lo posible para trabajar con usted.<\/span><\/p>\n<p>D&amp;A puede ofrecer servicios ling\u00fc\u00edsticos escritos y hablados en espa\u00f1ol e ingl\u00e9s. Si necesita m\u00e1s ayuda, el Departamento de Protecci\u00f3n al Consumidor y al Trabajador de la ciudad de Nueva York ha reunido una traducci\u00f3n y descripci\u00f3n de los t\u00e9rminos de cobro de deudas m\u00e1s utilizados en varios idiomas, que puede encontrar en  <span style=\"text-decoration: underline;\"><a href=\"https:\/\/www.nyc.gov\/dca\" target=\"_blank\" rel=\"noopener nofollow\">www.nyc.gov\/dca<\/a><\/span>  (D&amp;A Services, LLC no es responsable del contenido de este sitio web).<\/p>\n<p><span style=\"font-weight: 400;\">Se trata de un intento de cobrar una deuda por parte de un cobrador. Toda la informaci\u00f3n obtenida se utilizar\u00e1 para ese fin.<\/span><\/p>\n<p>[\/et_pb_text][\/et_pb_column][et_pb_column type=\u00bb2_5&#8243; _builder_version=\u00bb4.16&#8243; _module_preset=\u00bbdefault\u00bb background_color=\u00bb#FFFFFF\u00bb custom_padding=\u00bb||||false|false\u00bb box_shadow_style=\u00bbpreset1&#8243; global_colors_info=\u00bb{}\u00bb][et_pb_text _builder_version=\u00bb4.16&#8243; _module_preset=\u00bbdefault\u00bb text_font_size=\u00bb22px\u00bb text_line_height=\u00bb1.4em\u00bb background_color=\u00bbgcid-971e14de-a253-4d39-9c3c-7676c92f8ce8&#8243; background_layout=\u00bbdark\u00bb custom_margin=\u00bb||19px|||\u00bb custom_padding=\u00bb10px|30px|10px|30px|false|false\u00bb global_colors_info=\u00bb{%22gcid-971e14de-a253-4d39-9c3c-7676c92f8ce8%22:%91%22background_color%22%93}\u00bb]<\/p>\n<p>Opciones del consumidor<\/p>\n<p>[\/et_pb_text][et_pb_text _builder_version=\u00bb4.18.0&#8243; _module_preset=\u00bbdefault\u00bb text_font=\u00bb||||||||\u00bb text_font_size=\u00bb17px\u00bb custom_padding=\u00bb|30px|15px|30px|false|false\u00bb hover_enabled=\u00bb0&#8243; border_width_bottom=\u00bb1px\u00bb border_color_bottom=\u00bbgcid-3c57f051-3360-485b-9f0a-5676d0b22f1f\u00bb global_colors_info=\u00bb{%22gcid-3c57f051-3360-485b-9f0a-5676d0b22f1f%22:%91%22border_color_bottom%22%93}\u00bb sticky_enabled=\u00bb0&#8243;]<\/p>\n<h3>Haga una oferta<\/h3>\n<p>Puede hacer una oferta para resolver la cuenta con un pago \u00fanico o un plan de pagos a trav\u00e9s de esta p\u00e1gina web.<\/p>\n<p><a class=\"et_pb_button\" style=\"display: inline-block;\" href=\"https:\/\/dnasllc.com\/es\/haga-una-oferta\/\">Complete nuestro formulario<\/a><\/p>\n<p>[\/et_pb_text][et_pb_text _builder_version=\u00bb4.18.0&#8243; _module_preset=\u00bbdefault\u00bb text_font=\u00bb||||||||\u00bb text_font_size=\u00bb17px\u00bb custom_padding=\u00bb|30px|15px|30px|false|false\u00bb hover_enabled=\u00bb0&#8243; border_width_bottom=\u00bb1px\u00bb border_color_bottom=\u00bbgcid-3c57f051-3360-485b-9f0a-5676d0b22f1f\u00bb global_colors_info=\u00bb{%22gcid-3c57f051-3360-485b-9f0a-5676d0b22f1f%22:%91%22border_color_bottom%22,%22border_color_bottom%22%93}\u00bb sticky_enabled=\u00bb0&#8243;]<\/p>\n<h3>Programa de dificultades<\/h3>\n<p>Entendemos que cada persona tiene circunstancias \u00fanicas en torno a su vida.<\/p>\n<p><a class=\"et_pb_button\" style=\"display: inline-block;\" href=\"https:\/\/dnasllc.com\/es\/dificultad-disputa-fraude\/\">CONOZCA M\u00c1S<\/a><\/p>\n<p>[\/et_pb_text][et_pb_text _builder_version=\u00bb4.18.0&#8243; _module_preset=\u00bbdefault\u00bb text_font=\u00bb||||||||\u00bb text_font_size=\u00bb17px\u00bb custom_padding=\u00bb|30px|15px|30px|false|false\u00bb hover_enabled=\u00bb0&#8243; border_width_bottom=\u00bb1px\u00bb border_color_bottom=\u00bbgcid-3c57f051-3360-485b-9f0a-5676d0b22f1f\u00bb global_colors_info=\u00bb{%22gcid-3c57f051-3360-485b-9f0a-5676d0b22f1f%22:%91%22border_color_bottom%22%93}\u00bb sticky_enabled=\u00bb0&#8243;]<\/p>\n<h3>Reclamaciones<\/h3>\n<p>Si cree que le han tratado de forma poco profesional o tiene dudas sobre una experiencia reciente con D&amp;A.<\/p>\n<p><a class=\"et_pb_button\" href=\"https:\/\/dnasllc.com\/es\/reclamaciones\/\" style=\"display: inline-block;\">M\u00e1s informaci\u00f3n<\/a><\/p>\n<p>[\/et_pb_text][et_pb_text _builder_version=\u00bb4.18.0&#8243; _module_preset=\u00bbdefault\u00bb text_font=\u00bb||||||||\u00bb text_font_size=\u00bb17px\u00bb custom_padding=\u00bb|30px|15px|30px|false|false\u00bb hover_enabled=\u00bb0&#8243; global_colors_info=\u00bb{}\u00bb sticky_enabled=\u00bb0&#8243;]<\/p>\n<h3>Recursos para la educaci\u00f3n del consumidor<\/h3>\n<p>Obtenga m\u00e1s informaci\u00f3n sobre sus derechos, los recursos que pueden ayudarle con su situaci\u00f3n financiera y las opciones de reembolso.<\/p>\n<p><a class=\"et_pb_button\" style=\"display: inline-block;\" href=\"https:\/\/dnasllc.com\/es\/recursos-para-la-educacion-del-consumidor\/\">M\u00e1s informaci\u00f3n<\/a><\/p>\n<p>[\/et_pb_text][\/et_pb_column][\/et_pb_row][\/et_pb_section][et_pb_section fb_built=\u00bb1&#8243; _builder_version=\u00bb4.16&#8243; _module_preset=\u00bbdefault\u00bb max_width=\u00bb1200px\u00bb module_alignment=\u00bbcenter\u00bb custom_padding=\u00bb5px|||||\u00bb global_colors_info=\u00bb{}\u00bb][et_pb_row column_structure=\u00bb1_6,1_6,1_6,1_6,1_6,1_6&#8243; use_custom_gutter=\u00bbon\u00bb gutter_width=\u00bb1&#8243; _builder_version=\u00bb4.17.4&#8243; _module_preset=\u00bbdefault\u00bb background_enable_color=\u00bboff\u00bb module_alignment=\u00bbcenter\u00bb custom_margin=\u00bb||||false|false\u00bb custom_padding=\u00bb||||false|false\u00bb animation_style=\u00bbslide\u00bb animation_direction=\u00bbtop\u00bb module_alignment_tablet=\u00bbcenter\u00bb module_alignment_phone=\u00bbcenter\u00bb module_alignment_last_edited=\u00bboff|tablet\u00bb locked=\u00bboff\u00bb global_colors_info=\u00bb{}\u00bb][et_pb_column type=\u00bb1_6&#8243; _builder_version=\u00bb4.16&#8243; _module_preset=\u00bbdefault\u00bb custom_padding=\u00bb15px|15px|15px|15px|false|false\u00bb custom_css_main_element=\u00bbmargin:auto;\u00bb global_colors_info=\u00bb{}\u00bb][et_pb_image src=\u00bbhttp:\/\/dnasllc.com\/wp-content\/uploads\/2022\/07\/DP_logo_horizontal_version_complete_gears2.webp\u00bb alt=\u00bbD&#038;A Services tiene una calificaci\u00f3n A+ del Better Business Bureau\u00bb title_text=\u00bbDP_logo_horizontal_versi\u00f3n_completa_marcha2&#8243; align=\u00bbcenter\u00bb _builder_version=\u00bb4.17.4&#8243; _module_preset=\u00bbdefault\u00bb max_width_tablet=\u00bb150px\u00bb max_width_phone=\u00bb\u00bb max_width_last_edited=\u00bbon|tablet\u00bb max_height=\u00bb80px\u00bb max_height_tablet=\u00bb\u00bb max_height_phone=\u00bb\u00bb max_height_last_edited=\u00bbon|desktop\u00bb global_colors_info=\u00bb{}\u00bb][\/et_pb_image][\/et_pb_column][et_pb_column type=\u00bb1_6&#8243; _builder_version=\u00bb4.16&#8243; _module_preset=\u00bbdefault\u00bb custom_padding=\u00bb15px|15px|15px|15px|false|false\u00bb custom_css_main_element=\u00bbmargin: auto;\u00bb global_colors_info=\u00bb{}\u00bb][et_pb_image src=\u00bbhttp:\/\/dnasllc.com\/wp-content\/uploads\/2022\/07\/RMAI-Member.webp\u00bb alt=\u00bbD&#038;A Services tiene los est\u00e1ndares globales\u00bb title_text=\u00bbRMAI-Miembro\u00bb align=\u00bbcenter\u00bb _builder_version=\u00bb4.17.4&#8243; _module_preset=\u00bbdefault\u00bb max_width_tablet=\u00bb150px\u00bb max_width_phone=\u00bb\u00bb max_width_last_edited=\u00bbon|tablet\u00bb max_height=\u00bb80px\u00bb max_height_tablet=\u00bb\u00bb max_height_phone=\u00bb\u00bb max_height_last_edited=\u00bbon|desktop\u00bb global_colors_info=\u00bb{}\u00bb][\/et_pb_image][\/et_pb_column][et_pb_column type=\u00bb1_6&#8243; _builder_version=\u00bb4.16&#8243; _module_preset=\u00bbdefault\u00bb custom_padding=\u00bb15px|15px|15px|15px|false|false\u00bb global_colors_info=\u00bb{}\u00bb][et_pb_image src=\u00bbhttp:\/\/dnasllc.com\/wp-content\/uploads\/2022\/07\/RMAI-Certified.webp\u00bb alt=\u00bbD&#038;A Services tiene los est\u00e1ndares globales\u00bb title_text=\u00bbCertificado por RMAI\u00bb align=\u00bbcenter\u00bb _builder_version=\u00bb4.17.4&#8243; _module_preset=\u00bbdefault\u00bb max_width_tablet=\u00bb150px\u00bb max_width_phone=\u00bb\u00bb max_width_last_edited=\u00bbon|tablet\u00bb max_height=\u00bb80px\u00bb max_height_tablet=\u00bb\u00bb max_height_phone=\u00bb\u00bb max_height_last_edited=\u00bbon|desktop\u00bb global_colors_info=\u00bb{}\u00bb][\/et_pb_image][\/et_pb_column][et_pb_column type=\u00bb1_6&#8243; _builder_version=\u00bb4.16&#8243; _module_preset=\u00bbdefault\u00bb custom_padding=\u00bb15px|15px|15px|15px|false|false\u00bb global_colors_info=\u00bb{}\u00bb][et_pb_image src=\u00bbhttp:\/\/dnasllc.com\/wp-content\/uploads\/2022\/07\/DNA-ACA-Affiliated-247&#215;300-1.webp\u00bb alt=\u00bbD&#038;A Services es un orgulloso miembro\/afiliado de la Asociaci\u00f3n de Profesionales de Cr\u00e9dito y Cobranza\u00bb title_text=\u00bbDNA-ACA-Affiliated-247&#215;300&#8243; align=\u00bbcenter\u00bb _builder_version=\u00bb4.17.4&#8243; _module_preset=\u00bbdefault\u00bb max_width=\u00bb84px\u00bb max_width_tablet=\u00bb\u00bb max_width_phone=\u00bb200px\u00bb max_width_last_edited=\u00bbon|desktop\u00bb module_alignment=\u00bbcenter\u00bb global_colors_info=\u00bb{}\u00bb][\/et_pb_image][\/et_pb_column][et_pb_column type=\u00bb1_6&#8243; _builder_version=\u00bb4.16&#8243; _module_preset=\u00bbdefault\u00bb custom_padding=\u00bb15px|15px|15px|15px|false|false\u00bb global_colors_info=\u00bb{}\u00bb][et_pb_image src=\u00bbhttp:\/\/dnasllc.com\/wp-content\/uploads\/2022\/07\/everchain-badges_fc.webp\u00bb alt=\u00bbD&#038;A Services tiene una calificaci\u00f3n A+ del Better Business Bureau\u00bb title_text=\u00bbeverchain-badges_fc\u00bb align=\u00bbcenter\u00bb _builder_version=\u00bb4.17.4&#8243; _module_preset=\u00bbdefault\u00bb max_width_tablet=\u00bb150px\u00bb max_width_phone=\u00bb\u00bb max_width_last_edited=\u00bbon|tablet\u00bb max_height=\u00bb80px\u00bb max_height_tablet=\u00bb\u00bb max_height_phone=\u00bb\u00bb max_height_last_edited=\u00bbon|desktop\u00bb global_colors_info=\u00bb{}\u00bb][\/et_pb_image][\/et_pb_column][et_pb_column type=\u00bb1_6&#8243; _builder_version=\u00bb4.17.4&#8243; _module_preset=\u00bbdefault\u00bb custom_padding=\u00bb15px|15px|15px|15px|false|false\u00bb global_colors_info=\u00bb{}\u00bb][et_pb_image src=\u00bbhttp:\/\/dnasllc.com\/wp-content\/uploads\/2022\/07\/DA-BBB-300&#215;114-1.webp\u00bb alt=\u00bbD&#038;A Services tiene una calificaci\u00f3n A+ del Better Business Bureau\u00bb title_text=\u00bbDA-BBB-300&#215;114&#8243; align=\u00bbcenter\u00bb _builder_version=\u00bb4.17.4&#8243; _module_preset=\u00bbdefault\u00bb max_width_tablet=\u00bb150px\u00bb max_width_phone=\u00bb\u00bb max_width_last_edited=\u00bbon|tablet\u00bb max_height=\u00bb80px\u00bb max_height_tablet=\u00bb\u00bb max_height_phone=\u00bb\u00bb max_height_last_edited=\u00bbon|desktop\u00bb global_colors_info=\u00bb{}\u00bb][\/et_pb_image][\/et_pb_column][\/et_pb_row][\/et_pb_section]<\/p>\n","protected":false},"excerpt":{"rendered":"<p>D&amp;A Services se preocupa por los consumidores y nos comprometemos a proporcionarles una experiencia positiva. Como parte de nuestro compromiso con los consumidores, haga clic en el siguiente enlace para acceder a algunos recursos de educaci\u00f3n financiera que hemos recopilado para proporcionar una mejor comprensi\u00f3n de c\u00f3mo los consumidores pueden mejorar su futuro financiero. Nos [&hellip;]<\/p>\n","protected":false},"author":1,"featured_media":0,"parent":0,"menu_order":0,"comment_status":"closed","ping_status":"closed","template":"","meta":{"_et_pb_use_builder":"on","_et_pb_old_content":"","_et_gb_content_width":"","footnotes":""},"class_list":["post-2122","page","type-page","status-publish","hentry"],"_links":{"self":[{"href":"https:\/\/dnasllc.com\/es\/wp-json\/wp\/v2\/pages\/2122","targetHints":{"allow":["GET"]}}],"collection":[{"href":"https:\/\/dnasllc.com\/es\/wp-json\/wp\/v2\/pages"}],"about":[{"href":"https:\/\/dnasllc.com\/es\/wp-json\/wp\/v2\/types\/page"}],"author":[{"embeddable":true,"href":"https:\/\/dnasllc.com\/es\/wp-json\/wp\/v2\/users\/1"}],"replies":[{"embeddable":true,"href":"https:\/\/dnasllc.com\/es\/wp-json\/wp\/v2\/comments?post=2122"}],"version-history":[{"count":31,"href":"https:\/\/dnasllc.com\/es\/wp-json\/wp\/v2\/pages\/2122\/revisions"}],"predecessor-version":[{"id":2289,"href":"https:\/\/dnasllc.com\/es\/wp-json\/wp\/v2\/pages\/2122\/revisions\/2289"}],"wp:attachment":[{"href":"https:\/\/dnasllc.com\/es\/wp-json\/wp\/v2\/media?parent=2122"}],"curies":[{"name":"wp","href":"https:\/\/api.w.org\/{rel}","templated":true}]}}