{"id":2126,"date":"2022-01-20T06:40:17","date_gmt":"2022-01-20T12:40:17","guid":{"rendered":"https:\/\/dnasllc.com\/staging?page_id=2126"},"modified":"2022-10-21T09:07:07","modified_gmt":"2022-10-21T14:07:07","slug":"pagos","status":"publish","type":"page","link":"https:\/\/dnasllc.com\/es\/pagos\/","title":{"rendered":"Pagos"},"content":{"rendered":"<p>[et_pb_section fb_built=\u00bb1&#8243; _builder_version=\u00bb4.16&#8243; _module_preset=\u00bbdefault\u00bb background_color=\u00bbrgba(0,0,0,0.71)\u00bb background_color_gradient_direction=\u00bb257deg\u00bb background_color_gradient_start=\u00bbrgba(51,58,77,0.71)\u00bb background_color_gradient_end=\u00bb#333a4d\u00bb background_image=\u00bbhttps:\/\/dnasllc.com\/wp-content\/uploads\/2022\/01\/D-A-2-1.jpg\u00bb background_position=\u00bbtop_center\u00bb background_blend=\u00bbmultiply\u00bb custom_padding=\u00bb84px||84px||true|false\u00bb custom_css_main_element=\u00bbbackground-position-y:70%;\u00bb box_shadow_style=\u00bbpreset3&#8243; box_shadow_color=\u00bbrgba(81,81,81,0.19)\u00bb locked=\u00bboff\u00bb global_colors_info=\u00bb{}\u00bb][et_pb_row _builder_version=\u00bb4.16&#8243; _module_preset=\u00bbdefault\u00bb global_colors_info=\u00bb{}\u00bb][et_pb_column type=\u00bb4_4&#8243; _builder_version=\u00bb4.16&#8243; _module_preset=\u00bbdefault\u00bb global_colors_info=\u00bb{}\u00bb][et_pb_text _builder_version=\u00bb4.16&#8243; _module_preset=\u00bbdefault\u00bb text_text_color=\u00bb#000000&#8243; text_font_size=\u00bb19px\u00bb header_text_color=\u00bb#FFFFFF\u00bb header_font_size=\u00bb40px\u00bb custom_margin=\u00bb||11px|||\u00bb text_text_shadow_style=\u00bbpreset3&#8243; text_text_shadow_color=\u00bb#FFFFFF\u00bb header_text_shadow_style=\u00bbpreset1&#8243; header_text_shadow_vertical_length=\u00bb0.02em\u00bb header_text_shadow_blur_strength=\u00bb0.01em\u00bb header_text_shadow_color=\u00bb#000000&#8243; global_colors_info=\u00bb{}\u00bb]<\/p>\n<h1>Hacer un pago<\/h1>\n<p>[\/et_pb_text][et_pb_text _builder_version=\u00bb4.16&#8243; _module_preset=\u00bbdefault\u00bb text_font=\u00bb|300|||||||\u00bb background_color=\u00bbrgba(0,0,0,0.41)\u00bb background_layout=\u00bbdark\u00bb custom_margin=\u00bb||||false|false\u00bb custom_padding=\u00bb|5px||5px|false|false\u00bb custom_css_main_element=\u00bbdisplay:inline-block;\u00bb global_colors_info=\u00bb{}\u00bb]<\/p>\n<p>Ofrecemos una variedad de opciones para realizar los pagos.<\/p>\n<p>[\/et_pb_text][dsm_button button_one_text=\u00bbPagar en l\u00ednea\u00bb button_one_url=\u00bbhttps:\/\/myaccount.dnasllc.com\/\u00bb button_two_url_new_window=\u00bbon\u00bb _builder_version=\u00bb4.16&#8243; _module_preset=\u00bbdefault\u00bb custom_button_one=\u00bbon\u00bb button_one_text_size=\u00bb13px\u00bb button_one_text_color=\u00bb#FFFFFF\u00bb button_one_bg_color=\u00bbgcid-971e14de-a253-4d39-9c3c-7676c92f8ce8&#8243; button_one_border_width=\u00bb0px\u00bb button_one_border_color=\u00bbgcid-971e14de-a253-4d39-9c3c-7676c92f8ce8&#8243; button_one_border_radius=\u00bb0px\u00bb button_one_use_icon=\u00bboff\u00bb button_one_custom_padding=\u00bb5px||5px||false|false\u00bb custom_button_two=\u00bbon\u00bb button_two_text_size=\u00bb13px\u00bb button_two_text_color=\u00bb#FFFFFF\u00bb button_two_bg_color=\u00bbgcid-971e14de-a253-4d39-9c3c-7676c92f8ce8&#8243; button_two_border_width=\u00bb0px\u00bb button_two_border_color=\u00bbgcid-971e14de-a253-4d39-9c3c-7676c92f8ce8&#8243; button_two_border_radius=\u00bb0px\u00bb button_two_use_icon=\u00bboff\u00bb button_two_custom_padding=\u00bb5px||5px||false|false\u00bb box_shadow_style_button_one=\u00bbpreset2&#8243; box_shadow_horizontal_button_one=\u00bb1px\u00bb box_shadow_vertical_button_one=\u00bb0px\u00bb box_shadow_blur_button_one=\u00bb4px\u00bb box_shadow_style_button_two=\u00bbpreset2&#8243; box_shadow_horizontal_button_two=\u00bb1px\u00bb box_shadow_vertical_button_two=\u00bb0px\u00bb box_shadow_blur_button_two=\u00bb4px\u00bb global_colors_info=\u00bb{%22gcid-971e14de-a253-4d39-9c3c-7676c92f8ce8%22:%91%22button_bg_color%22,%22button_one_bg_color%22,%22button_one_border_color%22,%22button_bg_color%22,%22button_one_bg_color%22,%22button_one_border_color%22,%22button_two_bg_color%22,%22button_two_border_color%22%93}\u00bb button_one_text_color__hover=\u00bb#FFFFFF\u00bb button_one_text_color__hover_enabled=\u00bbon|hover\u00bb button_two_text_color__hover=\u00bb#FFFFFF\u00bb button_two_text_color__hover_enabled=\u00bbon|hover\u00bb][\/dsm_button][\/et_pb_column][\/et_pb_row][\/et_pb_section][et_pb_section fb_built=\u00bb1&#8243; _builder_version=\u00bb4.16&#8243; _module_preset=\u00bbdefault\u00bb custom_padding=\u00bb30px||||false|false\u00bb global_colors_info=\u00bb{}\u00bb][et_pb_row _builder_version=\u00bb4.16&#8243; _module_preset=\u00bbdefault\u00bb global_colors_info=\u00bb{}\u00bb][et_pb_column type=\u00bb4_4&#8243; _builder_version=\u00bb4.16&#8243; _module_preset=\u00bbdefault\u00bb global_colors_info=\u00bb{}\u00bb][et_pb_text _builder_version=\u00bb4.16&#8243; _module_preset=\u00bbdefault\u00bb global_colors_info=\u00bb{}\u00bb]<\/p>\n<h1>Ofrecemos una variedad de opciones para realizar los pagos.<\/h1>\n<p><span style=\"font-weight: 400;\">D&amp;A Services, LLC. quiere facilitar el proceso de pago. Aceptamos varios m\u00e9todos de pago, como el cheque por tel\u00e9fono, el cheque de caja, la tarjeta de cr\u00e9dito, la tarjeta de d\u00e9bito y el giro postal. Tambi\u00e9n ofrecemos varias formas de pago, como por Internet, por tel\u00e9fono o por correo. Nuestro portal de pago es gratuito y le permite realizar los pagos cuando le resulte conveniente.<\/span><span style=\"font-weight: 400;\"><\/span><\/p>\n<p><span style=\"font-weight: 400;\">Cada uno de nuestros clientes puede tener normas diferentes sobre los tipos de pagos que podemos aceptar en su nombre. Si tiene alguna pregunta sobre su cuenta o sobre c\u00f3mo realizar un pago, p\u00f3ngase en contacto con nosotros entre las horas de 8AM a 7PM CST, de lunes a jueves. 8AM a 5PM CST, VI. Llame al <a href=\"tel:8773144308\">(877) 314-4308<\/a>.<\/span><\/p>\n<p>[\/et_pb_text][et_pb_text _builder_version=\u00bb4.16&#8243; _module_preset=\u00bbdefault\u00bb global_colors_info=\u00bb{}\u00bb]<\/p>\n<h3><b>Pagos en l\u00ednea<\/b><\/h3>\n<p><a href=\"https:\/\/myaccount.dnasllc.com\/\"><span style=\"font-weight: 400;\">Haga clic aqui<\/span><\/a><b><i> <\/i><\/b><span style=\"font-weight: 400;\">para realizar un pago en l\u00ednea utilizando una tarjeta de cr\u00e9dito, una tarjeta de d\u00e9bito o una transferencia ACH.<\/span><\/p>\n<h3><b>Pagar por tel\u00e9fono<\/b><\/h3>\n<p><span style=\"font-weight: 400;\">Aceptamos pagos por tel\u00e9fono mediante ACH (cheque), tarjeta de d\u00e9bito o tarjeta de cr\u00e9dito. Nuestros representantes pueden guiarle en el proceso cuando llame para realizar su pago.<\/span><\/p>\n<h3><b>Pagar por correo<\/b><\/h3>\n<p><span style=\"font-weight: 400;\">Puede realizar el pago por correo en forma de cheques o giros postales. Por favor, no env\u00ede dinero en efectivo. Los pagos por correo pueden enviarse a nuestro buz\u00f3n en<\/span><\/p>\n<p><span style=\"font-weight: 400;\">D&amp;A Services, LLC.<br \/><\/span><span style=\"font-weight: 400;\">1400 E. Touhy Ave., Suite G2 <br \/><\/span><span style=\"font-weight: 400;\">Des Plaines, IL 60018<\/span><\/p>\n<h3><b>MoneyGram<\/b><\/h3>\n<p><span style=\"font-weight: 400;\">Los pagos enviados a trav\u00e9s de MoneyGram pueden aplicarse r\u00e1pidamente a su cuenta. Proporcione al representante de MoneyGram la informaci\u00f3n que figura a continuaci\u00f3n para una r\u00e1pida aplicaci\u00f3n en su cuenta.<\/span><\/p>\n<p><span style=\"font-weight: 400;\"><strong>C\u00f3digo<\/strong> = 7323<br \/><\/span><span style=\"font-weight: 400;\"><strong>Acct#<\/strong> =  [Your D&#038;A Account #]<\/span><\/p>\n<h3><b>Pagos con tarjeta de cr\u00e9dito \/ d\u00e9bito<\/b><\/h3>\n<p><a href=\"https:\/\/myaccount.dnasllc.com\/\"><br \/>\n  <span style=\"font-weight: 400;\">Haga clic aqu\u00ed<\/span><br \/>\n<\/a> <span style=\"font-weight: 400;\">para realizar un pago con tarjeta de cr\u00e9dito o de d\u00e9bito sin coste alguno.<br \/><\/span><strong>Nota:<\/strong><span style=\"font-weight: 400;\"> este tipo de pago s\u00f3lo est\u00e1 disponible para aquellos clientes de D&amp;A que permiten dicho m\u00e9todo de pago y no est\u00e1 disponible en todas las cuentas.<\/span><\/p>\n<p>[\/et_pb_text][\/et_pb_column][\/et_pb_row][\/et_pb_section]<\/p>\n","protected":false},"excerpt":{"rendered":"<p>Hacer un pagoOfrecemos una variedad de opciones para realizar los pagos.<div class=\"et_pb_module dsm_button dsm_button_0 et_pb_bg_layout_light\">\n\t\t\t\t\n\t\t\t\t\n\t\t\t\t\n\t\t\t\t\n\t\t\t\t\n\t\t\t\t\n\t\t\t\t<div class=\"et_pb_module_inner\">\n\t\t\t\t\t<div class=\"et_pb_button_module_wrappers dsm_button_0_wrapper  et_pb_module\">\n\t\t\t\t<a class=\"et_pb_button et_pb_button_one et_pb_bg_layout_light dsm-none \"  href=\"https:\/\/myaccount.dnasllc.com\/\" data-dsm-lightbox-id=\"dsm_button_one_lightbox dsm_button_0\">Pagar en l\u00ednea<\/a>\n\t\t\t<\/div>\n\t\t\t\t<\/div>\n\t\t\t<\/div>Ofrecemos una variedad de opciones para realizar [&hellip;]<\/p>\n","protected":false},"author":2,"featured_media":0,"parent":0,"menu_order":0,"comment_status":"closed","ping_status":"closed","template":"","meta":{"_et_pb_use_builder":"on","_et_pb_old_content":"","_et_gb_content_width":"","footnotes":""},"class_list":["post-2126","page","type-page","status-publish","hentry"],"_links":{"self":[{"href":"https:\/\/dnasllc.com\/es\/wp-json\/wp\/v2\/pages\/2126","targetHints":{"allow":["GET"]}}],"collection":[{"href":"https:\/\/dnasllc.com\/es\/wp-json\/wp\/v2\/pages"}],"about":[{"href":"https:\/\/dnasllc.com\/es\/wp-json\/wp\/v2\/types\/page"}],"author":[{"embeddable":true,"href":"https:\/\/dnasllc.com\/es\/wp-json\/wp\/v2\/users\/2"}],"replies":[{"embeddable":true,"href":"https:\/\/dnasllc.com\/es\/wp-json\/wp\/v2\/comments?post=2126"}],"version-history":[{"count":5,"href":"https:\/\/dnasllc.com\/es\/wp-json\/wp\/v2\/pages\/2126\/revisions"}],"predecessor-version":[{"id":2273,"href":"https:\/\/dnasllc.com\/es\/wp-json\/wp\/v2\/pages\/2126\/revisions\/2273"}],"wp:attachment":[{"href":"https:\/\/dnasllc.com\/es\/wp-json\/wp\/v2\/media?parent=2126"}],"curies":[{"name":"wp","href":"https:\/\/api.w.org\/{rel}","templated":true}]}}