{"id":2127,"date":"2022-01-20T06:40:53","date_gmt":"2022-01-20T12:40:53","guid":{"rendered":"https:\/\/dnasllc.com\/staging?page_id=2127"},"modified":"2023-08-28T11:36:13","modified_gmt":"2023-08-28T16:36:13","slug":"cumplimiento-y-seguridad","status":"publish","type":"page","link":"https:\/\/dnasllc.com\/es\/cumplimiento-y-seguridad\/","title":{"rendered":"Cumplimiento y seguridad"},"content":{"rendered":"<p>[et_pb_section fb_built=\u00bb1&#8243; _builder_version=\u00bb4.16&#8243; _module_preset=\u00bbdefault\u00bb background_color=\u00bbrgba(0,0,0,0.63)\u00bb background_color_gradient_direction=\u00bb257deg\u00bb background_color_gradient_start=\u00bbrgba(51,58,77,0.71)\u00bb background_color_gradient_end=\u00bb#333a4d\u00bb background_image=\u00bbhttps:\/\/dnasllc.com\/wp-content\/uploads\/2022\/01\/D-A-1.jpg\u00bb background_position=\u00bbtop_center\u00bb background_blend=\u00bbmultiply\u00bb custom_padding=\u00bb121px||121px||true|false\u00bb custom_css_main_element=\u00bbbackground-position-y:70%;\u00bb box_shadow_style=\u00bbpreset3&#8243; box_shadow_color=\u00bbrgba(81,81,81,0.19)\u00bb locked=\u00bboff\u00bb global_colors_info=\u00bb{}\u00bb][et_pb_row _builder_version=\u00bb4.16&#8243; _module_preset=\u00bbdefault\u00bb global_colors_info=\u00bb{}\u00bb][et_pb_column type=\u00bb4_4&#8243; _builder_version=\u00bb4.16&#8243; _module_preset=\u00bbdefault\u00bb global_colors_info=\u00bb{}\u00bb][et_pb_text _builder_version=\u00bb4.16&#8243; _module_preset=\u00bbdefault\u00bb text_text_color=\u00bb#000000&#8243; text_font_size=\u00bb19px\u00bb header_text_color=\u00bb#FFFFFF\u00bb header_font_size=\u00bb40px\u00bb custom_margin=\u00bb||11px|||\u00bb text_text_shadow_style=\u00bbpreset3&#8243; text_text_shadow_color=\u00bb#FFFFFF\u00bb header_text_shadow_style=\u00bbpreset1&#8243; header_text_shadow_vertical_length=\u00bb0.02em\u00bb header_text_shadow_blur_strength=\u00bb0.01em\u00bb header_text_shadow_color=\u00bb#000000&#8243; global_colors_info=\u00bb{}\u00bb]<\/p>\n<h1>Cumplimiento y seguridad<\/h1>\n<p>[\/et_pb_text][et_pb_text _builder_version=\u00bb4.16&#8243; _module_preset=\u00bbdefault\u00bb text_font=\u00bb|300|||||||\u00bb background_color=\u00bbrgba(0,0,0,0.41)\u00bb background_layout=\u00bbdark\u00bb custom_margin=\u00bb||||false|false\u00bb custom_padding=\u00bb|5px||5px|false|false\u00bb custom_css_main_element=\u00bbdisplay:inline-block;\u00bb global_colors_info=\u00bb{}\u00bb]La seguridad es nuestra m\u00e1xima prioridad.[\/et_pb_text][\/et_pb_column][\/et_pb_row][\/et_pb_section][et_pb_section fb_built=\u00bb1&#8243; _builder_version=\u00bb4.16&#8243; _module_preset=\u00bbdefault\u00bb custom_padding=\u00bb30px||||false|false\u00bb global_colors_info=\u00bb{}\u00bb][et_pb_row column_structure=\u00bb2_3,1_3&#8243; _builder_version=\u00bb4.16&#8243; _module_preset=\u00bbdefault\u00bb global_colors_info=\u00bb{}\u00bb][et_pb_column type=\u00bb2_3&#8243; _builder_version=\u00bb4.16&#8243; _module_preset=\u00bbdefault\u00bb global_colors_info=\u00bb{}\u00bb][et_pb_text _builder_version=\u00bb4.22.1&#8243; _module_preset=\u00bbdefault\u00bb hover_enabled=\u00bb0&#8243; global_colors_info=\u00bb{}\u00bb sticky_enabled=\u00bb0&#8243;]La seguridad de los datos de nuestros clientes es nuestra m\u00e1xima prioridad en D&amp;A Services, LLC (D&amp;A). Nuestras instalaciones y sistemas superan los requisitos de las normas SSAE 18 Tipo II, PCI-DSS e ISO 27001 y participamos en auditor\u00edas peri\u00f3dicas para validar nuestras pol\u00edticas, procedimientos y sistemas.  <\/p>\n<p>Operamos con plataformas tecnol\u00f3gicas de \u00faltima generaci\u00f3n que nos permiten cumplir con los requisitos de seguridad de la informaci\u00f3n para grandes organizaciones y con todas las normativas estatales y federales. Nuestro avanzado sistema de administraci\u00f3n central asiste en la gesti\u00f3n de todas nuestras pol\u00edticas de seguridad y privilegios de acceso. <\/p>\n<p>A medida que nuestra huella tecnol\u00f3gica se expande a trav\u00e9s de entornos, socios y puntos finales, las soluciones de seguridad como la mitigaci\u00f3n de ciberamenazas y la supervisi\u00f3n en tiempo real son primordiales. El equipo de D&amp;A est\u00e1 formado en pol\u00edticas de seguridad para mantener nuestras instalaciones y sus datos a salvo. Proporcionamos formaci\u00f3n para mejorar la comprensi\u00f3n de nuestro equipo de los riesgos de seguridad modernos, incluidos los ataques de ingenier\u00eda social, los esquemas de suplantaci\u00f3n de identidad, los ataques de fuerza bruta y otros.[\/et_pb_text][\/et_pb_column][et_pb_column type=\u00bb1_3&#8243; _builder_version=\u00bb4.16&#8243; _module_preset=\u00bbdefault\u00bb global_colors_info=\u00bb{}\u00bb][et_pb_image src=\u00bbhttps:\/\/dnasllc.com\/wp-content\/uploads\/2022\/01\/Compliance-Security.jpg\u00bb title_text=\u00bbCumplimiento y seguridad\u00bb align=\u00bbright\u00bb _builder_version=\u00bb4.16&#8243; _module_preset=\u00bbdefault\u00bb global_colors_info=\u00bb{}\u00bb][\/et_pb_image][\/et_pb_column][\/et_pb_row][et_pb_row column_structure=\u00bb1_4,3_4&#8243; _builder_version=\u00bb4.16&#8243; _module_preset=\u00bbdefault\u00bb global_colors_info=\u00bb{}\u00bb][et_pb_column type=\u00bb1_4&#8243; _builder_version=\u00bb4.16&#8243; _module_preset=\u00bbdefault\u00bb global_colors_info=\u00bb{}\u00bb][et_pb_image src=\u00bbhttps:\/\/dnasllc.com\/wp-content\/uploads\/2022\/01\/AISCPA-SOC.jpg\u00bb title_text=\u00bbAISCPA-SOC\u00bb align=\u00bbcenter\u00bb _builder_version=\u00bb4.16&#8243; _module_preset=\u00bbdefault\u00bb max_width=\u00bb200px\u00bb global_colors_info=\u00bb{}\u00bb][\/et_pb_image][\/et_pb_column][et_pb_column type=\u00bb3_4&#8243; _builder_version=\u00bb4.16&#8243; _module_preset=\u00bbdefault\u00bb global_colors_info=\u00bb{}\u00bb][et_pb_text _builder_version=\u00bb4.22.1&#8243; _module_preset=\u00bbdefault\u00bb header_3_text_color=\u00bbgcid-d12057be-6e8d-4b96-9900-e27ac5a37ef8&#8243; hover_enabled=\u00bb0&#8243; global_colors_info=\u00bb{%22gcid-d12057be-6e8d-4b96-9900-e27ac5a37ef8%22:%91%22header_3_text_color%22%93}\u00bb sticky_enabled=\u00bb0&#8243;]<\/p>\n<h3>SSAE 18<\/h3>\n<p>El Consejo de Normas de Auditor\u00eda (ASB) del AICPA emiti\u00f3 en abril de 2016 las Declaraciones para los Compromisos de Atestado (SSAE) n\u00ba 18, Normas de Atestado, Aclaraci\u00f3n y Recodificaci\u00f3n. Entrar\u00e1 en vigor para los informes de examen, revisi\u00f3n y acordados con fecha del 1 de mayo de 2017 o posterior.[\/et_pb_text][\/et_pb_column][\/et_pb_row][et_pb_row column_structure=\u00bb1_4,3_4&#8243; _builder_version=\u00bb4.16&#8243; _module_preset=\u00bbdefault\u00bb global_colors_info=\u00bb{}\u00bb][et_pb_column type=\u00bb1_4&#8243; _builder_version=\u00bb4.16&#8243; _module_preset=\u00bbdefault\u00bb global_colors_info=\u00bb{}\u00bb][et_pb_image src=\u00bbhttps:\/\/dnasllc.com\/wp-content\/uploads\/2022\/01\/PCI-DSS.png\u00bb title_text=\u00bbPCI-DSS\u00bb align=\u00bbcenter\u00bb _builder_version=\u00bb4.16&#8243; _module_preset=\u00bbdefault\u00bb max_width=\u00bb200px\u00bb global_colors_info=\u00bb{}\u00bb][\/et_pb_image][\/et_pb_column][et_pb_column type=\u00bb3_4&#8243; _builder_version=\u00bb4.16&#8243; _module_preset=\u00bbdefault\u00bb global_colors_info=\u00bb{}\u00bb][et_pb_text _builder_version=\u00bb4.22.1&#8243; _module_preset=\u00bbdefault\u00bb header_3_text_color=\u00bbgcid-d12057be-6e8d-4b96-9900-e27ac5a37ef8&#8243; hover_enabled=\u00bb0&#8243; global_colors_info=\u00bb{%22gcid-d12057be-6e8d-4b96-9900-e27ac5a37ef8%22:%91%22header_3_text_color%22%93}\u00bb sticky_enabled=\u00bb0&#8243;]<\/p>\n<h3>Conformidad con PCI DSS<\/h3>\n<p>La norma PCI es un mandato de las marcas de tarjetas y est\u00e1 administrada por el Consejo de Normas de Seguridad de la Industria de las Tarjetas de Pago. La norma se cre\u00f3 para aumentar los controles en torno a los datos de los titulares de las tarjetas con el fin de reducir el fraude en las tarjetas de cr\u00e9dito. La validaci\u00f3n del cumplimiento se realiza anualmente, ya sea por un Evaluador de Seguridad Cualificado (QSA) externo que crea un Informe de Cumplimiento (ROC) para las organizaciones que manejan grandes vol\u00famenes de transacciones, o por un Cuestionario de Autoevaluaci\u00f3n (SAQ) para las empresas que manejan vol\u00famenes m\u00e1s peque\u00f1os.[\/et_pb_text][\/et_pb_column][\/et_pb_row][et_pb_row column_structure=\u00bb1_4,3_4&#8243; _builder_version=\u00bb4.16&#8243; _module_preset=\u00bbdefault\u00bb global_colors_info=\u00bb{}\u00bb][et_pb_column type=\u00bb1_4&#8243; _builder_version=\u00bb4.16&#8243; _module_preset=\u00bbdefault\u00bb global_colors_info=\u00bb{}\u00bb][et_pb_image src=\u00bbhttps:\/\/dnasllc.com\/wp-content\/uploads\/2022\/01\/img-Logo-ISO-27001-800&#215;450-1.jpeg\u00bb title_text=\u00bbimg-Logo-ISO-27001-800&#215;450&#8243; align=\u00bbcenter\u00bb _builder_version=\u00bb4.16&#8243; _module_preset=\u00bbdefault\u00bb max_width=\u00bb200px\u00bb global_colors_info=\u00bb{}\u00bb][\/et_pb_image][\/et_pb_column][et_pb_column type=\u00bb3_4&#8243; _builder_version=\u00bb4.16&#8243; _module_preset=\u00bbdefault\u00bb global_colors_info=\u00bb{}\u00bb][et_pb_text _builder_version=\u00bb4.22.1&#8243; _module_preset=\u00bbdefault\u00bb header_3_text_color=\u00bbgcid-d12057be-6e8d-4b96-9900-e27ac5a37ef8&#8243; hover_enabled=\u00bb0&#8243; global_colors_info=\u00bb{%22gcid-d12057be-6e8d-4b96-9900-e27ac5a37ef8%22:%91%22header_3_text_color%22%93}\u00bb sticky_enabled=\u00bb0&#8243;]<\/p>\n<h3>ISO 27001<\/h3>\n<p>La ISO 27001 es una norma de seguridad de la informaci\u00f3n que se public\u00f3 el 25 de septiembre de 2013. [1] Sustituye a la norma ISO\/IEC 27001:2005 y ha sido publicada por la Organizaci\u00f3n Internacional de Normalizaci\u00f3n (ISO) y la Comisi\u00f3n Electrot\u00e9cnica Internacional (CEI) en el marco del subcomit\u00e9 conjunto de la ISO y la CEI, ISO\/IEC JTC 1\/SC 27.[2] Es una especificaci\u00f3n para un sistema de gesti\u00f3n de la seguridad de la informaci\u00f3n (SGSI).[\/et_pb_text][\/et_pb_column][\/et_pb_row][et_pb_row _builder_version=\u00bb4.16&#8243; _module_preset=\u00bbdefault\u00bb global_colors_info=\u00bb{}\u00bb][et_pb_column type=\u00bb4_4&#8243; _builder_version=\u00bb4.16&#8243; _module_preset=\u00bbdefault\u00bb global_colors_info=\u00bb{}\u00bb][et_pb_text _builder_version=\u00bb4.18.0&#8243; _module_preset=\u00bbdefault\u00bb locked=\u00bboff\u00bb global_colors_info=\u00bb{}\u00bb]<\/p>\n<h4>Informaci\u00f3n importante para el consumidor del Estado:<\/h4>\n<p>La(s) divulgaci\u00f3n(es) contenida(s) en este <span style=\"text-decoration: underline;\"><strong><a href=\"https:\/\/myaccount.dnasllc.com\/stateDisclosures\/en\" target=\"_blank\" rel=\"noopener\">enlace<\/a><\/strong><\/span> s\u00f3lo se aplican a usted, el consumidor, si reside en el respectivo Estado\/Ciudad indicado.<\/p>\n<h4>Avisos de pol\u00edtica de privacidad:<\/h4>\n<p>La(s) divulgaci\u00f3n(es) contenida(s) en este <a href=\"https:\/\/myaccount.dnasllc.com\/privacyPolicy\/en\" target=\"_blank\" rel=\"noopener\"><span style=\"text-decoration: underline;\"><strong>enlace<\/strong><\/span><\/a> contienen la pol\u00edtica general de privacidad de D&amp;A Services. La(s) divulgaci\u00f3n(es) contenida(s) en este <a href=\"https:\/\/myaccount.dnasllc.com\/CaliforniaPrivacyPolicy\/en\" target=\"_blank\" rel=\"noopener\"><span style=\"text-decoration: underline;\"><strong>enlace<\/strong><\/span><\/a> contienen la pol\u00edtica de privacidad de D&amp;A Services para el Estado de California.[\/et_pb_text][\/et_pb_column][\/et_pb_row][\/et_pb_section]<\/p>\n","protected":false},"excerpt":{"rendered":"<p>Cumplimiento y seguridadLa seguridad es nuestra m\u00e1xima prioridad.La seguridad de los datos de nuestros clientes es nuestra m\u00e1xima prioridad en D&amp;A Services, LLC (D&amp;A). Nuestras instalaciones y sistemas superan los requisitos de las normas SSAE 18 Tipo II, PCI-DSS e ISO 27001 y participamos en auditor\u00edas peri\u00f3dicas para validar nuestras pol\u00edticas, procedimientos y sistemas. Operamos [&hellip;]<\/p>\n","protected":false},"author":2,"featured_media":0,"parent":0,"menu_order":0,"comment_status":"closed","ping_status":"closed","template":"","meta":{"_et_pb_use_builder":"on","_et_pb_old_content":"","_et_gb_content_width":"","footnotes":""},"class_list":["post-2127","page","type-page","status-publish","hentry"],"_links":{"self":[{"href":"https:\/\/dnasllc.com\/es\/wp-json\/wp\/v2\/pages\/2127","targetHints":{"allow":["GET"]}}],"collection":[{"href":"https:\/\/dnasllc.com\/es\/wp-json\/wp\/v2\/pages"}],"about":[{"href":"https:\/\/dnasllc.com\/es\/wp-json\/wp\/v2\/types\/page"}],"author":[{"embeddable":true,"href":"https:\/\/dnasllc.com\/es\/wp-json\/wp\/v2\/users\/2"}],"replies":[{"embeddable":true,"href":"https:\/\/dnasllc.com\/es\/wp-json\/wp\/v2\/comments?post=2127"}],"version-history":[{"count":7,"href":"https:\/\/dnasllc.com\/es\/wp-json\/wp\/v2\/pages\/2127\/revisions"}],"predecessor-version":[{"id":2421,"href":"https:\/\/dnasllc.com\/es\/wp-json\/wp\/v2\/pages\/2127\/revisions\/2421"}],"wp:attachment":[{"href":"https:\/\/dnasllc.com\/es\/wp-json\/wp\/v2\/media?parent=2127"}],"curies":[{"name":"wp","href":"https:\/\/api.w.org\/{rel}","templated":true}]}}